{"id":610,"date":"2016-03-07T03:10:46","date_gmt":"2016-03-07T03:10:46","guid":{"rendered":"https:\/\/gaviaspreview.com\/wp\/winnex\/?page_id=610"},"modified":"2026-01-28T08:29:49","modified_gmt":"2026-01-28T08:29:49","slug":"reach-us","status":"publish","type":"page","link":"https:\/\/polyesterstaplefiber.com\/tr\/reach-us\/","title":{"rendered":"\u0130leti\u015fim"},"content":{"rendered":"<div class=\"wpb-content-wrapper\"><div class=\"vc_wpb_row_inner\"><div class=\"vc_row wpb_row vc_row-fluid remove_padding row-container\"><div class=\"container\"><div class=\"row\"><div class=\"wpb_column vc_column_container vc_col-sm-8\"><div class=\"vc_column-inner\"><div class=\"wpb_wrapper\">\r\n<div class=\"widget gsc-heading  align-left style-2 text-dark\">\r\n   <div class=\"sub-title\"><span>Mentioned registered brands and companies are property of clover\u00ae sanayi ve Ticaret A.S.<\/span><\/div>   <h2 class=\"title\"><span>clover\u00ae | FM\u00ae | MYI\u00ae  |  sunclover\u00ae  |  trifolium\u00ae<\/span><\/h2>   <div class=\"line\"><span><\/span><\/div>\r\n   <\/div>\r\n\n\t<div class=\"wpb_text_column wpb_content_element\" >\n\t\t<div class=\"wpb_wrapper\">\n\t\t\t<p>We at <strong>clover\u00ae |&nbsp; polyesterstaplefiber.com<\/strong> are here to assist you with all your polyester fiber needs. Whether you have a question, need more information about our products, or want to discuss a potential partnership, our dedicated team is ready to help.<\/p>\n\n\t\t<\/div>\n\t<\/div>\n\n\t<div class=\"wpb_text_column wpb_content_element\" >\n\t\t<div class=\"wpb_wrapper\">\n\t\t\t<p><strong>Genel Bilgi Ricalar\u0131 \u0130\u00e7in<\/strong><br \/>\nEmail: tr@polyesterstaplefiber.com<br \/>\nPhone: +90 232 232 0 CLV (258)<\/p>\n\n\t\t<\/div>\n\t<\/div>\n<\/div><\/div><\/div><div class=\"wpb_column vc_column_container vc_col-sm-4\"><div class=\"vc_column-inner\"><div class=\"wpb_wrapper\"><div class=\"vc_empty_space\"   style=\"height: 32px\"><span class=\"vc_empty_space_inner\"><\/span><\/div><div class=\"vc_empty_space\"   style=\"height: 32px\"><span class=\"vc_empty_space_inner\"><\/span><\/div><div class=\"vc_separator wpb_content_element vc_separator_align_center vc_sep_width_100 vc_sep_border_width_3 vc_sep_pos_align_center vc_separator_no_text vc_sep_color_white wpb_content_element  wpb_content_element\" ><span class=\"vc_sep_holder vc_sep_holder_l\"><span class=\"vc_sep_line\"><\/span><\/span><span class=\"vc_sep_holder vc_sep_holder_r\"><span class=\"vc_sep_line\"><\/span><\/span>\n<\/div>\r\n<div class=\"widget gva-contact-info\">\r\n         <h3 class=\"widget-title\">\r\n         <span>China Facrtory &amp; Office<\/span>\r\n      <\/h3>\r\n      <div class=\"widget-content\">\r\n               <div class=\"description\">Dalian Duojia Co., Ltd.<\/div>\r\n                  <div class=\"content\">\r\n                     <div class=\"address\"><i class=\"gv-icon-1142\"><\/i>Room 1502 No 20 Building Gangjingyuan Dalian 116001 P.R. CHINA<\/div>\r\n           \r\n          \r\n            \r\n          \r\n      <\/div>\r\n   <\/div>\r\n<\/div>\r\n<div class=\"vc_separator wpb_content_element vc_separator_align_center vc_sep_width_100 vc_sep_border_width_3 vc_sep_pos_align_center vc_separator_no_text vc_sep_color_grey wpb_content_element  wpb_content_element\" ><span class=\"vc_sep_holder vc_sep_holder_l\"><span class=\"vc_sep_line\"><\/span><\/span><span class=\"vc_sep_holder vc_sep_holder_r\"><span class=\"vc_sep_line\"><\/span><\/span>\n<\/div>\r\n<div class=\"widget gva-contact-info\">\r\n         <h3 class=\"widget-title\">\r\n         <span>Turkey Main Office<\/span>\r\n      <\/h3>\r\n      <div class=\"widget-content\">\r\n               <div class=\"description\">clover\u00ae Sanayi ve Ticaret A.S.<\/div>\r\n                  <div class=\"content\">\r\n                     <div class=\"address\"><i class=\"gv-icon-1142\"><\/i>Colak Ibrahim Bey, 96\/1. Sk., 35460, Seferihisar, Izmir, Turkiye<\/div>\r\n           \r\n          \r\n            \r\n          \r\n      <\/div>\r\n   <\/div>\r\n<\/div>\r\n<div class=\"vc_separator wpb_content_element vc_separator_align_center vc_sep_width_100 vc_sep_border_width_3 vc_sep_pos_align_center vc_separator_no_text vc_sep_color_grey wpb_content_element  wpb_content_element\" ><span class=\"vc_sep_holder vc_sep_holder_l\"><span class=\"vc_sep_line\"><\/span><\/span><span class=\"vc_sep_holder vc_sep_holder_r\"><span class=\"vc_sep_line\"><\/span><\/span>\n<\/div>\r\n<div class=\"widget gva-contact-info\">\r\n         <h3 class=\"widget-title\">\r\n         <span>Turkey Warehouse<\/span>\r\n      <\/h3>\r\n      <div class=\"widget-content\">\r\n               <div class=\"description\">clover\u00ae Sanayi ve Ticaret A.S.<\/div>\r\n                  <div class=\"content\">\r\n                     <div class=\"address\"><i class=\"gv-icon-1142\"><\/i>Kemalpasa OSB Mahalesi, 600 Sokak, Dis Kapi No 335, Ic Kapi No 5, 35730, Kemalpasa, Izmir \u0130ZM\u0130R<\/div>\r\n           \r\n          \r\n            \r\n          \r\n      <\/div>\r\n   <\/div>\r\n<\/div>\r\n<div class=\"vc_separator wpb_content_element vc_separator_align_center vc_sep_width_100 vc_sep_border_width_3 vc_sep_pos_align_center vc_separator_no_text vc_sep_color_white wpb_content_element  wpb_content_element\" ><span class=\"vc_sep_holder vc_sep_holder_l\"><span class=\"vc_sep_line\"><\/span><\/span><span class=\"vc_sep_holder vc_sep_holder_r\"><span class=\"vc_sep_line\"><\/span><\/span>\n<\/div>\r\n<div class=\"widget gva-contact-info\">\r\n         <h3 class=\"widget-title\">\r\n         <span>Canada Office<\/span>\r\n      <\/h3>\r\n      <div class=\"widget-content\">\r\n               <div class=\"description\">clover\u00ae Sanayi ve Ticaret A.S.<\/div>\r\n                  <div class=\"content\">\r\n                     <div class=\"address\"><i class=\"gv-icon-1142\"><\/i>1369 Old Zeller Dr. Kitchener ON, Canada<\/div>\r\n           \r\n          \r\n            \r\n          \r\n      <\/div>\r\n   <\/div>\r\n<\/div>\r\n<div class=\"vc_separator wpb_content_element vc_separator_align_center vc_sep_width_100 vc_sep_border_width_3 vc_sep_pos_align_center vc_separator_no_text vc_sep_color_white wpb_content_element  wpb_content_element\" ><span class=\"vc_sep_holder vc_sep_holder_l\"><span class=\"vc_sep_line\"><\/span><\/span><span class=\"vc_sep_holder vc_sep_holder_r\"><span class=\"vc_sep_line\"><\/span><\/span>\n<\/div><div class=\"vc_separator wpb_content_element vc_separator_align_center vc_sep_width_100 vc_sep_border_width_3 vc_sep_pos_align_center vc_separator_no_text vc_sep_color_grey wpb_content_element  wpb_content_element\" ><span class=\"vc_sep_holder vc_sep_holder_l\"><span class=\"vc_sep_line\"><\/span><\/span><span class=\"vc_sep_holder vc_sep_holder_r\"><span class=\"vc_sep_line\"><\/span><\/span>\n<\/div><div class=\"vc_separator wpb_content_element vc_separator_align_center vc_sep_width_100 vc_sep_border_width_3 vc_sep_pos_align_center vc_separator_no_text vc_sep_color_white wpb_content_element  wpb_content_element\" ><span class=\"vc_sep_holder vc_sep_holder_l\"><span class=\"vc_sep_line\"><\/span><\/span><span class=\"vc_sep_holder vc_sep_holder_r\"><span class=\"vc_sep_line\"><\/span><\/span>\n<\/div><div class=\"vc_separator wpb_content_element vc_separator_align_center vc_sep_width_100 vc_sep_border_width_3 vc_sep_pos_align_center vc_separator_no_text vc_sep_color_grey wpb_content_element  wpb_content_element\" ><span class=\"vc_sep_holder vc_sep_holder_l\"><span class=\"vc_sep_line\"><\/span><\/span><span class=\"vc_sep_holder vc_sep_holder_r\"><span class=\"vc_sep_line\"><\/span><\/span>\n<\/div><\/div><\/div><\/div><\/div><\/div><\/div><\/div>\n<\/div>","protected":false},"excerpt":{"rendered":"Mentioned registered brands and companies are property of clover\u00ae sanayi ve Ticaret A.S. clover\u00ae | FM\u00ae | MYI\u00ae | sunclover\u00ae | trifolium\u00ae We at clover\u00ae |&nbsp; polyesterstaplefiber.com are here to assist you with all your polyester fiber needs. Whether you have a question, need more information about our products, or want to discuss a potential [...]","protected":false},"author":1,"featured_media":0,"parent":0,"menu_order":0,"comment_status":"closed","ping_status":"closed","template":"","meta":{"footnotes":""},"class_list":["post-610","page","type-page","status-publish","hentry"],"_links":{"self":[{"href":"https:\/\/polyesterstaplefiber.com\/tr\/wp-json\/wp\/v2\/pages\/610","targetHints":{"allow":["GET"]}}],"collection":[{"href":"https:\/\/polyesterstaplefiber.com\/tr\/wp-json\/wp\/v2\/pages"}],"about":[{"href":"https:\/\/polyesterstaplefiber.com\/tr\/wp-json\/wp\/v2\/types\/page"}],"author":[{"embeddable":true,"href":"https:\/\/polyesterstaplefiber.com\/tr\/wp-json\/wp\/v2\/users\/1"}],"replies":[{"embeddable":true,"href":"https:\/\/polyesterstaplefiber.com\/tr\/wp-json\/wp\/v2\/comments?post=610"}],"version-history":[{"count":100,"href":"https:\/\/polyesterstaplefiber.com\/tr\/wp-json\/wp\/v2\/pages\/610\/revisions"}],"predecessor-version":[{"id":5227,"href":"https:\/\/polyesterstaplefiber.com\/tr\/wp-json\/wp\/v2\/pages\/610\/revisions\/5227"}],"wp:attachment":[{"href":"https:\/\/polyesterstaplefiber.com\/tr\/wp-json\/wp\/v2\/media?parent=610"}],"curies":[{"name":"wp","href":"https:\/\/api.w.org\/{rel}","templated":true}]}}