{"id":4815,"date":"2024-11-24T23:28:13","date_gmt":"2024-11-24T23:28:13","guid":{"rendered":"https:\/\/polyesterstaplefiber.com\/?page_id=4815"},"modified":"2026-01-28T09:56:29","modified_gmt":"2026-01-28T09:56:29","slug":"keynote","status":"publish","type":"page","link":"https:\/\/polyesterstaplefiber.com\/tr\/keynote\/","title":{"rendered":"\u00d6ns\u00f6z"},"content":{"rendered":"<div class=\"wpb-content-wrapper\"><div class=\"vc_wpb_row_inner  vc_custom_1539588804561\"><div class=\"vc_row wpb_row vc_row-fluid remove_padding row-container\"><div class=\"container\"><div class=\"row\"><div class=\"wpb_column vc_column_container vc_col-sm-12\"><div class=\"vc_column-inner\"><div class=\"wpb_wrapper\">\r\n<div class=\"widget gsc-heading  align-left style-2 text-dark\">\r\n   <div class=\"sub-title\"><span>Kurucumuzun Mesaj\u0131<\/span><\/div>   <h2 class=\"title\"><span>Connecting the World with Premium Recycled Polyester Fibers Since 2001<\/span><\/h2>   <div class=\"line\"><span><\/span><\/div>\r\n   <div class=\"title-desc\">Global manufacturing power, trusted partnerships, and sustainable solutions \u2013 delivering the right fiber, at the right price, at the right time.<\/div><\/div>\r\n\n\t<div class=\"wpb_text_column wpb_content_element\" >\n\t\t<div class=\"wpb_wrapper\">\n\t\t\t<p>De\u011ferli M\u00fc\u015fterilerimiz ve \u0130\u015f Ortaklar\u0131m\u0131z,<\/p>\n<p>sunclover\u00ae <strong>clover\u00ae |&nbsp; polyesterstaplefiber.com<\/strong>, we are proud to stand at the forefront of the polyester fiber industry, serving as a trusted manufacturer of polyester staple fibers, tow, and tops. Through our platform, <strong>clover\u00ae |&nbsp; polyesterstaplefiber.com<\/strong>Misyonumuz, sadece m\u00fc\u015fterilerimize de\u011fer yaratmakla s\u0131n\u0131rl\u0131 de\u011fil; ayn\u0131 zamanda \u00e7evremize de katk\u0131da bulunmakt\u0131r.<\/p>\n<p>Geri d\u00f6n\u00fc\u015ft\u00fcr\u00fclm\u00fc\u015f elyaflar\u0131 te\u015fvik ederek ve sorumlu tedarik uygulamalar\u0131n\u0131 benimseyerek, hizmet verdi\u011fimiz sekt\u00f6rlerde olumlu bir etki yaratmay\u0131 ve daha s\u00fcrd\u00fcr\u00fclebilir bir gelece\u011fe katk\u0131 sa\u011flamay\u0131 ama\u00e7l\u0131yoruz. Her bir i\u015f birli\u011fi, sundu\u011fumuz her \u00fcr\u00fcn, kalite, g\u00fcvenilirlik ve \u00e7evre sorumlulu\u011funa olan ba\u011fl\u0131l\u0131\u011f\u0131m\u0131z\u0131n bir yans\u0131mas\u0131d\u0131r.<\/p>\n<p>Whether you&#8217;re seeking premium fibers for your operations or recycled solutions tailored to your sustainability goals, <strong>clover\u00ae |&nbsp; polyesterstaplefiber.com<\/strong> is here to provide unmatched expertise, competitive pricing, and on-time delivery. Together, we can build a future where business success aligns with environmental stewardship.<\/p>\n<p>Rekabet\u00e7i fiyatlar, uzmanl\u0131k ve zaman\u0131nda teslimat konusundaki taahh\u00fcd\u00fcm\u00fczle i\u015finizi daha ileriye ta\u015f\u0131yabiliriz.<\/p>\n<p>Bizimle bu yolculu\u011fa kat\u0131ld\u0131\u011f\u0131n\u0131z i\u00e7in te\u015fekk\u00fcr ederiz.<\/p>\n<h5><strong>clover\u00ae |&nbsp; polyesterstaplefiber.com<\/strong><\/h5>\n<h5>Gokhan KAYMAKCALAN<\/h5>\n\n\t\t<\/div>\n\t<\/div>\n<div class=\"vc_row wpb_row vc_inner vc_row-fluid\"><div class=\"wpb_column vc_column_container vc_col-sm-6\"><div class=\"vc_column-inner\"><div class=\"wpb_wrapper\"><h4 style=\"color: #DD9933;text-align: center\" class=\"vc_custom_heading vc_do_custom_heading\" >\ud83c\udf0d Global Network<\/h4>\n\t<div class=\"wpb_text_column wpb_content_element\" >\n\t\t<div class=\"wpb_wrapper\">\n\t\t\t<h5 style=\"text-align: center;\">Strong partnerships across <strong data-start=\"215\" data-end=\"357\">Europe (EU), North America (USA, Canada), South America, and North Africa<\/strong>, delivering worldwide sourcing power to your business.<\/h5>\n\n\t\t<\/div>\n\t<\/div>\n<h4 style=\"color: #DD9933;text-align: center\" class=\"vc_custom_heading vc_do_custom_heading\" >\u2696\ufe0f Best Balance: Price, Quality &amp; Service<\/h4>\n\t<div class=\"wpb_text_column wpb_content_element\" >\n\t\t<div class=\"wpb_wrapper\">\n\t\t\t<h5 style=\"text-align: center;\">Every order is carefully optimized to provide the <strong data-start=\"734\" data-end=\"816\">right combination of cost efficiency, product performance, and timely delivery<\/strong>, tailored to each customer\u2019s needs.<\/h5>\n\n\t\t<\/div>\n\t<\/div>\n<\/div><\/div><\/div><div class=\"wpb_column vc_column_container vc_col-sm-6\"><div class=\"vc_column-inner\"><div class=\"wpb_wrapper\"><h4 style=\"color: #DD9933;text-align: center\" class=\"vc_custom_heading vc_do_custom_heading\" >\ud83c\udfed Direct Producer Partnerships<\/h4>\n\t<div class=\"wpb_text_column wpb_content_element\" >\n\t\t<div class=\"wpb_wrapper\">\n\t\t\t<h5 style=\"text-align: center;\">We slect and produce ur own raw material directly with <strong data-start=\"483\" data-end=\"522\">trusted and certified raw material manufacturers<\/strong>, ensuring reliable supply chains, consistent quality standards, and competitive advantages for our customers.<\/h5>\n\n\t\t<\/div>\n\t<\/div>\n<h4 style=\"color: #DD9933;text-align: center\" class=\"vc_custom_heading vc_do_custom_heading\" >\u267b\ufe0f Sustainability First<\/h4>\n\t<div class=\"wpb_text_column wpb_content_element\" >\n\t\t<div class=\"wpb_wrapper\">\n\t\t\t<h5 style=\"text-align: center;\">We offer both <strong data-start=\"900\" data-end=\"947\">recycled polyester staple fibers<\/strong>, TOW, Tops backed by internationally recognized certifications, supporting eco-friendly practices and global sustainability goals.<\/h5>\n\n\t\t<\/div>\n\t<\/div>\n<\/div><\/div><\/div><\/div><h4 style=\"color: #DD9933;text-align: center\" class=\"vc_custom_heading vc_do_custom_heading\" >\ud83d\udce6 Trusted Since 2001<\/h4>\n\t<div class=\"wpb_text_column wpb_content_element\" >\n\t\t<div class=\"wpb_wrapper\">\n\t\t\t<h5 style=\"text-align: center;\">With over <strong data-start=\"1110\" data-end=\"1165\">two decades of expertise in polyester fiber trading<\/strong>, we deliver proven reliability, market knowledge, and long-term value to customers worldwide.<\/h5>\n\n\t\t<\/div>\n\t<\/div>\n\n\t<div  class=\"wpb_single_image wpb_content_element vc_align_center wpb_content_element vc_custom_1716797184956\">\n\t\t\n\t\t<figure class=\"wpb_wrapper vc_figure\">\n\t\t\t<div class=\"vc_single_image-wrapper   vc_box_border_grey\"><img loading=\"lazy\" decoding=\"async\" width=\"950\" height=\"500\" src=\"https:\/\/polyesterstaplefiber.com\/wp-content\/uploads\/2024\/05\/desicion-001.jpg\" class=\"vc_single_image-img attachment-full\" alt=\"\" title=\"\" \/><\/div>\n\t\t<\/figure>\n\t<\/div>\n<\/div><\/div><\/div><\/div><\/div><\/div><\/div>\n<\/div>","protected":false},"excerpt":{"rendered":"A Message from Our Founder \/ CEO Connecting the World with Premium Recycled Polyester Fibers Since 2001 Global manufacturing power, trusted partnerships, and sustainable solutions \u2013 delivering the right fiber, at the right price, at the right time. Dear Valued Customers and Partners, At clover\u00ae |&nbsp; polyesterstaplefiber.com, we are proud to stand at the forefront [...]","protected":false},"author":1,"featured_media":0,"parent":0,"menu_order":0,"comment_status":"closed","ping_status":"closed","template":"","meta":{"footnotes":""},"class_list":["post-4815","page","type-page","status-publish","hentry"],"_links":{"self":[{"href":"https:\/\/polyesterstaplefiber.com\/tr\/wp-json\/wp\/v2\/pages\/4815","targetHints":{"allow":["GET"]}}],"collection":[{"href":"https:\/\/polyesterstaplefiber.com\/tr\/wp-json\/wp\/v2\/pages"}],"about":[{"href":"https:\/\/polyesterstaplefiber.com\/tr\/wp-json\/wp\/v2\/types\/page"}],"author":[{"embeddable":true,"href":"https:\/\/polyesterstaplefiber.com\/tr\/wp-json\/wp\/v2\/users\/1"}],"replies":[{"embeddable":true,"href":"https:\/\/polyesterstaplefiber.com\/tr\/wp-json\/wp\/v2\/comments?post=4815"}],"version-history":[{"count":30,"href":"https:\/\/polyesterstaplefiber.com\/tr\/wp-json\/wp\/v2\/pages\/4815\/revisions"}],"predecessor-version":[{"id":5237,"href":"https:\/\/polyesterstaplefiber.com\/tr\/wp-json\/wp\/v2\/pages\/4815\/revisions\/5237"}],"wp:attachment":[{"href":"https:\/\/polyesterstaplefiber.com\/tr\/wp-json\/wp\/v2\/media?parent=4815"}],"curies":[{"name":"wp","href":"https:\/\/api.w.org\/{rel}","templated":true}]}}