{"id":4251,"date":"2024-06-08T13:00:21","date_gmt":"2024-06-08T13:00:21","guid":{"rendered":"https:\/\/polyesterstaplefiber.com\/?page_id=4251"},"modified":"2024-11-25T22:09:52","modified_gmt":"2024-11-25T22:09:52","slug":"recycled-polyester-tops","status":"publish","type":"page","link":"https:\/\/polyesterstaplefiber.com\/tr\/recycled-polyester-tops\/","title":{"rendered":"Geri D\u00f6n\u00fc\u015f\u00fcml\u00fc Polyester TOPS"},"content":{"rendered":"<div class=\"wpb-content-wrapper\"><div class=\"vc_wpb_row_inner\"><div class=\"vc_row wpb_row vc_row-fluid padding-medium row-container\"><div class=\"container\"><div class=\"row\"><div class=\"wpb_column vc_column_container vc_col-sm-12\"><div class=\"vc_column-inner\"><div class=\"wpb_wrapper\">\r\n<div class=\"widget gsc-heading  align-center style-default text-dark\">\r\n      <h2 class=\"title\"><span>Geri D\u00f6n\u00fc\u015f\u00fcml\u00fc Polyester TOPS<\/span><\/h2>   <div class=\"line\"><span><\/span><\/div>\r\n   <div class=\"title-desc\">Gelece\u011fi s\u00fcrd\u00fcr\u00fclebilir hale getirmek i\u00e7in.<\/div><\/div>\r\n\n\t<div class=\"wpb_text_column wpb_content_element\" >\n\t\t<div class=\"wpb_wrapper\">\n\t\t\t<p style=\"text-align: center;\">Polyester tops ve tows, yo\u011fun g\u00fcne\u015f \u0131\u015f\u0131\u011f\u0131na maruz kalan d\u0131\u015f mekan ekipmanlar\u0131 i\u00e7in m\u00fckemmeldir. Y\u00fcksek mukavemetli polyester elyaflardan \u00fcretilen bu \u00fcr\u00fcnler, y\u00fcksek s\u0131cakl\u0131klarda bile erimeden veya deformasyona u\u011framadan formunu koruyarak m\u00fckemmel \u0131s\u0131 direncine sahiptir. Ayr\u0131ca, bu elyaflar \u00fcst\u00fcn UV direnci sunar, hafiftir ve yumu\u015fak bir dokuya sahiptir, bu da d\u0131\u015f mekan uygulamalar\u0131nda konfor sa\u011flar. Giyim kuma\u015flar\u0131nda, tentelerde, \u00e7ad\u0131rlarda veya di\u011fer ekipmanlarda kullan\u0131ls\u0131n, polyester wool tops ve tows m\u00fckemmel nefes alabilirlik ve konfor sunarak d\u0131\u015f mekan deneyimini daha keyifli hale getirir.<\/p>\n\n\t\t<\/div>\n\t<\/div>\n<div class=\"vc_separator wpb_content_element vc_separator_align_center vc_sep_width_100 vc_sep_border_width_3 vc_sep_pos_align_center vc_separator_no_text vc_sep_color_grey wpb_content_element  wpb_content_element\" ><span class=\"vc_sep_holder vc_sep_holder_l\"><span class=\"vc_sep_line\"><\/span><\/span><span class=\"vc_sep_holder vc_sep_holder_r\"><span class=\"vc_sep_line\"><\/span><\/span>\n<\/div><div class=\"vc_row wpb_row vc_inner vc_row-fluid\"><div class=\"wpb_column vc_column_container vc_col-sm-4\"><div class=\"vc_column-inner\"><div class=\"wpb_wrapper\">\n\t<div class=\"wpb_text_column wpb_content_element\" >\n\t\t<div class=\"wpb_wrapper\">\n\t\t\t<p style=\"text-align: center;\">M\u00fc\u015fteri ihtiya\u00e7lar\u0131n\u0131za uygun olarak virjin ve geri d\u00f6n\u00fc\u015ft\u00fcr\u00fclm\u00fc\u015f polyester tops'u Solid ve High Bulk \/ y\u00fcksek hacimli tiplerde \u00fcretebilir ve tedarik edebiliriz.<\/p>\n\n\t\t<\/div>\n\t<\/div>\n<\/div><\/div><\/div><div class=\"wpb_column vc_column_container vc_col-sm-4\"><div class=\"vc_column-inner\"><div class=\"wpb_wrapper\">\n\t<div class=\"wpb_text_column wpb_content_element\" >\n\t\t<div class=\"wpb_wrapper\">\n\t\t\t<p style=\"text-align: center;\" class=\"translation-block\">Ana \u00fcretimimiz :\n1.5D\/2D\/3D<\/p>\n\n\t\t<\/div>\n\t<\/div>\n<\/div><\/div><\/div><div class=\"wpb_column vc_column_container vc_col-sm-4\"><div class=\"vc_column-inner\"><div class=\"wpb_wrapper\">\n\t<div class=\"wpb_text_column wpb_content_element\" >\n\t\t<div class=\"wpb_wrapper\">\n\t\t\t<p><strong>Bobin \u00f6zelikleri : <\/strong><\/p>\n<p>En: 40cm<br \/>\nY\u00fckseklik: 40cm<br \/>\nA\u011fr\u0131l\u0131k: 11-12kg\/bobin, 22ton\/40HQ<\/p>\n<p><strong>Bumps \u00d6zellikleri :<\/strong><\/p>\n<p>En: 38cm<br \/>\nY\u00fckseklik: 40cm<br \/>\nA\u011fr\u0131l\u0131k: 8-9.5kg\/bump, 16-18ton\/40HQ<\/p>\n\n\t\t<\/div>\n\t<\/div>\n<\/div><\/div><\/div><\/div><div class=\"vc_separator wpb_content_element vc_separator_align_center vc_sep_width_100 vc_sep_border_width_3 vc_sep_pos_align_center vc_separator_no_text vc_sep_color_grey wpb_content_element  wpb_content_element\" ><span class=\"vc_sep_holder vc_sep_holder_l\"><span class=\"vc_sep_line\"><\/span><\/span><span class=\"vc_sep_holder vc_sep_holder_r\"><span class=\"vc_sep_line\"><\/span><\/span>\n<\/div><div class=\"vc_row wpb_row vc_inner vc_row-fluid\"><div class=\"wpb_column vc_column_container vc_col-sm-3\"><div class=\"vc_column-inner\"><div class=\"wpb_wrapper\">\r\n<div class=\"widget gsc-heading  align-center style-default text-dark\">\r\n      <h2 class=\"title\"><span>S\u0131ca\u011fa ve y\u0131kama gibi etkilere dayanarak, renklerin \u00fcst\u00fcn bir \u015fekilde korunmas\u0131n\u0131 sa\u011flar.<\/span><\/h2>   <div class=\"line\"><span><\/span><\/div>\r\n   <\/div>\r\n<\/div><\/div><\/div><div class=\"wpb_column vc_column_container vc_col-sm-3\"><div class=\"vc_column-inner\"><div class=\"wpb_wrapper\">\n\t<div class=\"wpb_text_column wpb_content_element\" >\n\t\t<div class=\"wpb_wrapper\">\n\t\t\t<p style=\"text-align: left;\">Polyester tops , tekstil end\u00fcstrisinde yayg\u0131n olarak kullan\u0131lan premium hammadde malzemeleridir. Alt\u00fcst olmaya kar\u015f\u0131 m\u00fckemmel diren\u00e7 sa\u011flarlar ve sabunlama s\u0131ras\u0131nda dahi y\u00fcksek renk dayan\u0131kl\u0131l\u0131\u011f\u0131n\u0131 koruyarak, y\u00fcksek s\u0131cakl\u0131klarda stabil renk tutulmas\u0131n\u0131 garanti ederler. Ayr\u0131ca, kimyasallara, deterjanlara ve g\u00fc\u00e7l\u00fc alkali maddelere kar\u015f\u0131 diren\u00e7lidirler, b\u00f6ylece boyan\u0131n solmas\u0131 veya \u00e7\u00f6z\u00fcnmesini \u00f6nlerler. Sonu\u00e7 olarak, polyester tops ve tows, ev tekstilleri, giyim ve end\u00fcstriyel uygulamalarda yayg\u0131n olarak kullan\u0131larak t\u00fcketicilere dayan\u0131kl\u0131, y\u00fcksek kaliteli \u00fcr\u00fcnler sunarlar.<\/p>\n\n\t\t<\/div>\n\t<\/div>\n<\/div><\/div><\/div><div class=\"wpb_column vc_column_container vc_col-sm-3\"><div class=\"vc_column-inner\"><div class=\"wpb_wrapper\">\r\n<div class=\"widget gsc-heading  align-center style-default text-dark\">\r\n      <h2 class=\"title\"><span>En \u0130yi Renk Hasl\u0131\u011f\u0131<\/span><\/h2>   <div class=\"line\"><span><\/span><\/div>\r\n   <\/div>\r\n<\/div><\/div><\/div><div class=\"wpb_column vc_column_container vc_col-sm-3\"><div class=\"vc_column-inner\"><div class=\"wpb_wrapper\">\n\t<div class=\"wpb_text_column wpb_content_element\" >\n\t\t<div class=\"wpb_wrapper\">\n\t\t\t<p style=\"text-align: left;\">Tekstillerde temel hammaddeler olarak, polyester tops'un renk dayan\u0131kl\u0131l\u0131\u011f\u0131 kuma\u015flar\u0131n uzun \u00f6m\u00fcrl\u00fcl\u00fc\u011f\u00fcn\u00fc ve g\u00f6r\u00fcn\u00fcm\u00fcn\u00fc \u00f6nemli \u00f6l\u00e7\u00fcde etkiler. Standart renk dayan\u0131kl\u0131l\u0131\u011f\u0131n\u0131n test edilmesi genellikle \u0131\u015f\u0131\u011fa, suya ve s\u00fcrt\u00fcnmeye kar\u015f\u0131 direncin de\u011ferlendirilmesini i\u00e7erir. Y\u00fcksek kaliteli polyester wool tops, uzun s\u00fcreli g\u00fcne\u015fe maruz kalma, y\u0131kama ve s\u00fcrekli s\u00fcrt\u00fcnme ko\u015fullar\u0131nda renk parlakl\u0131\u011f\u0131n\u0131 ve stabilitesini koruyarak, \u0131\u015f\u0131\u011fa, suya ve s\u00fcrt\u00fcnmeye kar\u015f\u0131 m\u00fckemmel diren\u00e7 sergilemelidir.<\/p>\n<p style=\"text-align: left;\">\u00d6zetle, polyester tops'un renk dayan\u0131kl\u0131l\u0131\u011f\u0131, \u00f6nemli bir kalite g\u00f6stergesidir. I\u015f\u0131k, su ve s\u00fcrt\u00fcnmeye kar\u015f\u0131 direncin test edilmesi ve de\u011ferlendirilmesiyle, kuma\u015flar\u0131n renk stabilitesinin ve canl\u0131l\u0131\u011f\u0131n\u0131n zamanla korunmas\u0131n\u0131 sa\u011fl\u0131yoruz.<\/p>\n\n\t\t<\/div>\n\t<\/div>\n<\/div><\/div><\/div><\/div><div class=\"vc_separator wpb_content_element vc_separator_align_center vc_sep_width_100 vc_sep_border_width_3 vc_sep_pos_align_center vc_separator_no_text vc_sep_color_grey wpb_content_element  wpb_content_element\" ><span class=\"vc_sep_holder vc_sep_holder_l\"><span class=\"vc_sep_line\"><\/span><\/span><span class=\"vc_sep_holder vc_sep_holder_r\"><span class=\"vc_sep_line\"><\/span><\/span>\n<\/div><div class=\"vc_row wpb_row vc_inner vc_row-fluid\"><div class=\"wpb_column vc_column_container vc_col-sm-4\"><div class=\"vc_column-inner\"><div class=\"wpb_wrapper\"><h1 style=\"text-align: left\" class=\"vc_custom_heading vc_do_custom_heading\" >Siyah<\/h1>\n\t<div  class=\"wpb_single_image wpb_content_element vc_align_center wpb_content_element\">\n\t\t\n\t\t<figure class=\"wpb_wrapper vc_figure\">\n\t\t\t<a href=\"https:\/\/polyesterstaplefiber.com\/wp-content\/uploads\/2023\/11\/psf-black-01.png\" target=\"_self\" class=\"vc_single_image-wrapper vc_box_rounded  vc_box_border_grey\"><img decoding=\"async\" class=\"vc_single_image-img\" src=\"https:\/\/polyesterstaplefiber.com\/wp-content\/uploads\/2023\/11\/psf-black-01-300x300.png\" width=\"300\" height=\"300\" alt=\"\" title=\"\" loading=\"lazy\" \/><\/a>\n\t\t<\/figure>\n\t<\/div>\n<h1 style=\"text-align: left\" class=\"vc_custom_heading vc_do_custom_heading\" >Mor<\/h1>\n\t<div  class=\"wpb_single_image wpb_content_element vc_align_center wpb_content_element\">\n\t\t\n\t\t<figure class=\"wpb_wrapper vc_figure\">\n\t\t\t<a href=\"https:\/\/polyesterstaplefiber.com\/wp-content\/uploads\/2023\/11\/psf-purple-02.png\" target=\"_self\" class=\"vc_single_image-wrapper vc_box_rounded  vc_box_border_grey\"><img decoding=\"async\" class=\"vc_single_image-img\" src=\"https:\/\/polyesterstaplefiber.com\/wp-content\/uploads\/2023\/11\/psf-purple-02-300x300.png\" width=\"300\" height=\"300\" alt=\"\" title=\"\" loading=\"lazy\" \/><\/a>\n\t\t<\/figure>\n\t<\/div>\n<h1 style=\"text-align: left\" class=\"vc_custom_heading vc_do_custom_heading\" >Koyu Mavi<\/h1>\n\t<div  class=\"wpb_single_image wpb_content_element vc_align_center wpb_content_element\">\n\t\t\n\t\t<figure class=\"wpb_wrapper vc_figure\">\n\t\t\t<a href=\"https:\/\/polyesterstaplefiber.com\/wp-content\/uploads\/2023\/11\/psf-blue-01.png\" target=\"_self\" class=\"vc_single_image-wrapper vc_box_rounded  vc_box_border_grey\"><img decoding=\"async\" class=\"vc_single_image-img\" src=\"https:\/\/polyesterstaplefiber.com\/wp-content\/uploads\/2023\/11\/psf-blue-01-300x300.png\" width=\"300\" height=\"300\" alt=\"\" title=\"\" loading=\"lazy\" \/><\/a>\n\t\t<\/figure>\n\t<\/div>\n<h1 style=\"text-align: left\" class=\"vc_custom_heading vc_do_custom_heading\" >Sar\u0131<\/h1>\n\t<div  class=\"wpb_single_image wpb_content_element vc_align_center wpb_content_element\">\n\t\t\n\t\t<figure class=\"wpb_wrapper vc_figure\">\n\t\t\t<a href=\"https:\/\/polyesterstaplefiber.com\/wp-content\/uploads\/2023\/11\/psf-yellow-01.png\" target=\"_self\" class=\"vc_single_image-wrapper vc_box_rounded  vc_box_border_grey\"><img decoding=\"async\" class=\"vc_single_image-img\" src=\"https:\/\/polyesterstaplefiber.com\/wp-content\/uploads\/2023\/11\/psf-yellow-01-300x300.png\" width=\"300\" height=\"300\" alt=\"\" title=\"\" loading=\"lazy\" \/><\/a>\n\t\t<\/figure>\n\t<\/div>\n<h1 style=\"text-align: left\" class=\"vc_custom_heading vc_do_custom_heading\" >Pembe<\/h1>\n\t<div  class=\"wpb_single_image wpb_content_element vc_align_center wpb_content_element\">\n\t\t\n\t\t<figure class=\"wpb_wrapper vc_figure\">\n\t\t\t<a href=\"https:\/\/polyesterstaplefiber.com\/wp-content\/uploads\/2023\/11\/psf-pink-02.png\" target=\"_self\" class=\"vc_single_image-wrapper vc_box_rounded  vc_box_border_grey\"><img decoding=\"async\" class=\"vc_single_image-img\" src=\"https:\/\/polyesterstaplefiber.com\/wp-content\/uploads\/2023\/11\/psf-pink-02-300x300.png\" width=\"300\" height=\"300\" alt=\"\" title=\"\" loading=\"lazy\" \/><\/a>\n\t\t<\/figure>\n\t<\/div>\n<\/div><\/div><\/div><div class=\"wpb_column vc_column_container vc_col-sm-4\"><div class=\"vc_column-inner\"><div class=\"wpb_wrapper\"><h1 style=\"text-align: left\" class=\"vc_custom_heading vc_do_custom_heading\" >Ham Beyaz &amp; Beyaz<\/h1>\n\t<div  class=\"wpb_single_image wpb_content_element vc_align_center wpb_content_element\">\n\t\t\n\t\t<figure class=\"wpb_wrapper vc_figure\">\n\t\t\t<a href=\"https:\/\/polyesterstaplefiber.com\/wp-content\/uploads\/2023\/11\/psf-white-01.png\" target=\"_self\" class=\"vc_single_image-wrapper vc_box_rounded  vc_box_border_grey\"><img decoding=\"async\" class=\"vc_single_image-img\" src=\"https:\/\/polyesterstaplefiber.com\/wp-content\/uploads\/2023\/11\/psf-white-01-300x300.png\" width=\"300\" height=\"300\" alt=\"\" title=\"\" loading=\"lazy\" \/><\/a>\n\t\t<\/figure>\n\t<\/div>\n<h1 style=\"text-align: left\" class=\"vc_custom_heading vc_do_custom_heading\" >Ye\u015fil<\/h1>\n\t<div  class=\"wpb_single_image wpb_content_element vc_align_center wpb_content_element\">\n\t\t\n\t\t<figure class=\"wpb_wrapper vc_figure\">\n\t\t\t<a href=\"https:\/\/polyesterstaplefiber.com\/wp-content\/uploads\/2023\/11\/psf-green-grass-01.png\" target=\"_self\" class=\"vc_single_image-wrapper vc_box_rounded  vc_box_border_grey\"><img decoding=\"async\" class=\"vc_single_image-img\" src=\"https:\/\/polyesterstaplefiber.com\/wp-content\/uploads\/2023\/11\/psf-green-grass-01-300x300.png\" width=\"300\" height=\"300\" alt=\"psf-green-grass-01\" title=\"psf-green-grass-01\" loading=\"lazy\" \/><\/a>\n\t\t<\/figure>\n\t<\/div>\n<h1 style=\"text-align: left\" class=\"vc_custom_heading vc_do_custom_heading\" >Gri<\/h1>\n\t<div  class=\"wpb_single_image wpb_content_element vc_align_center wpb_content_element\">\n\t\t\n\t\t<figure class=\"wpb_wrapper vc_figure\">\n\t\t\t<a href=\"https:\/\/polyesterstaplefiber.com\/wp-content\/uploads\/2023\/11\/psf-gray-01.png\" target=\"_self\" class=\"vc_single_image-wrapper vc_box_rounded  vc_box_border_grey\"><img decoding=\"async\" class=\"vc_single_image-img\" src=\"https:\/\/polyesterstaplefiber.com\/wp-content\/uploads\/2023\/11\/psf-gray-01-300x300.png\" width=\"300\" height=\"300\" alt=\"\" title=\"\" loading=\"lazy\" \/><\/a>\n\t\t<\/figure>\n\t<\/div>\n<h1 style=\"text-align: left\" class=\"vc_custom_heading vc_do_custom_heading\" >Kahve<\/h1>\n\t<div  class=\"wpb_single_image wpb_content_element vc_align_center wpb_content_element\">\n\t\t\n\t\t<figure class=\"wpb_wrapper vc_figure\">\n\t\t\t<a href=\"https:\/\/polyesterstaplefiber.com\/wp-content\/uploads\/2023\/11\/psf-brown-03.png\" target=\"_self\" class=\"vc_single_image-wrapper vc_box_rounded  vc_box_border_grey\"><img decoding=\"async\" class=\"vc_single_image-img\" src=\"https:\/\/polyesterstaplefiber.com\/wp-content\/uploads\/2023\/11\/psf-brown-03-300x300.png\" width=\"300\" height=\"300\" alt=\"\" title=\"\" loading=\"lazy\" \/><\/a>\n\t\t<\/figure>\n\t<\/div>\n<h1 style=\"text-align: left\" class=\"vc_custom_heading vc_do_custom_heading\" >Zeytin<\/h1>\n\t<div  class=\"wpb_single_image wpb_content_element vc_align_center wpb_content_element\">\n\t\t\n\t\t<figure class=\"wpb_wrapper vc_figure\">\n\t\t\t<a href=\"https:\/\/polyesterstaplefiber.com\/wp-content\/uploads\/2023\/11\/psf-brown-01.png\" target=\"_self\" class=\"vc_single_image-wrapper vc_box_rounded  vc_box_border_grey\"><img decoding=\"async\" class=\"vc_single_image-img\" src=\"https:\/\/polyesterstaplefiber.com\/wp-content\/uploads\/2023\/11\/psf-brown-01-300x300.png\" width=\"300\" height=\"300\" alt=\"\" title=\"\" loading=\"lazy\" \/><\/a>\n\t\t<\/figure>\n\t<\/div>\n<\/div><\/div><\/div><div class=\"wpb_column vc_column_container vc_col-sm-4\"><div class=\"vc_column-inner\"><div class=\"wpb_wrapper\"><h1 style=\"text-align: left\" class=\"vc_custom_heading vc_do_custom_heading\" >K\u0131rm\u0131z\u0131<\/h1>\n\t<div  class=\"wpb_single_image wpb_content_element vc_align_center wpb_content_element\">\n\t\t\n\t\t<figure class=\"wpb_wrapper vc_figure\">\n\t\t\t<a href=\"https:\/\/polyesterstaplefiber.com\/wp-content\/uploads\/2023\/11\/psf-red-02.png\" target=\"_self\" class=\"vc_single_image-wrapper vc_box_rounded  vc_box_border_grey\"><img decoding=\"async\" class=\"vc_single_image-img\" src=\"https:\/\/polyesterstaplefiber.com\/wp-content\/uploads\/2023\/11\/psf-red-02-300x300.png\" width=\"300\" height=\"300\" alt=\"\" title=\"\" loading=\"lazy\" \/><\/a>\n\t\t<\/figure>\n\t<\/div>\n<h1 style=\"text-align: left\" class=\"vc_custom_heading vc_do_custom_heading\" >A\u00e7\u0131k Mavi<\/h1>\n\t<div  class=\"wpb_single_image wpb_content_element vc_align_center wpb_content_element\">\n\t\t\n\t\t<figure class=\"wpb_wrapper vc_figure\">\n\t\t\t<a href=\"https:\/\/polyesterstaplefiber.com\/wp-content\/uploads\/2023\/11\/psf-tow-blue-light-01.png\" target=\"_self\" class=\"vc_single_image-wrapper vc_box_rounded  vc_box_border_grey\"><img decoding=\"async\" class=\"vc_single_image-img\" src=\"https:\/\/polyesterstaplefiber.com\/wp-content\/uploads\/2023\/11\/psf-tow-blue-light-01-300x300.png\" width=\"300\" height=\"300\" alt=\"psf-tow-blue-light-01\" title=\"psf-tow-blue-light-01\" loading=\"lazy\" \/><\/a>\n\t\t<\/figure>\n\t<\/div>\n<h1 style=\"text-align: left\" class=\"vc_custom_heading vc_do_custom_heading\" >A\u00e7\u0131k Sar\u0131<\/h1>\n\t<div  class=\"wpb_single_image wpb_content_element vc_align_center wpb_content_element\">\n\t\t\n\t\t<figure class=\"wpb_wrapper vc_figure\">\n\t\t\t<a href=\"https:\/\/polyesterstaplefiber.com\/wp-content\/uploads\/2023\/11\/psf-yellow-02.png\" target=\"_self\" class=\"vc_single_image-wrapper vc_box_rounded  vc_box_border_grey\"><img decoding=\"async\" class=\"vc_single_image-img\" src=\"https:\/\/polyesterstaplefiber.com\/wp-content\/uploads\/2023\/11\/psf-yellow-02-300x300.png\" width=\"300\" height=\"300\" alt=\"\" title=\"\" loading=\"lazy\" \/><\/a>\n\t\t<\/figure>\n\t<\/div>\n<h1 style=\"text-align: left\" class=\"vc_custom_heading vc_do_custom_heading\" >Kestane<\/h1>\n\t<div  class=\"wpb_single_image wpb_content_element vc_align_center wpb_content_element\">\n\t\t\n\t\t<figure class=\"wpb_wrapper vc_figure\">\n\t\t\t<a href=\"https:\/\/polyesterstaplefiber.com\/wp-content\/uploads\/2023\/11\/psf-bordeoaux-02.png\" target=\"_self\" class=\"vc_single_image-wrapper vc_box_rounded  vc_box_border_grey\"><img decoding=\"async\" class=\"vc_single_image-img\" src=\"https:\/\/polyesterstaplefiber.com\/wp-content\/uploads\/2023\/11\/psf-bordeoaux-02-300x300.png\" width=\"300\" height=\"300\" alt=\"\" title=\"\" loading=\"lazy\" \/><\/a>\n\t\t<\/figure>\n\t<\/div>\n<h1 style=\"text-align: left\" class=\"vc_custom_heading vc_do_custom_heading\" >Deve T\u00fcy\u00fc<\/h1>\n\t<div  class=\"wpb_single_image wpb_content_element vc_align_center wpb_content_element\">\n\t\t\n\t\t<figure class=\"wpb_wrapper vc_figure\">\n\t\t\t<a href=\"https:\/\/polyesterstaplefiber.com\/wp-content\/uploads\/2023\/11\/psf-brown-02.png\" target=\"_self\" class=\"vc_single_image-wrapper vc_box_rounded  vc_box_border_grey\"><img decoding=\"async\" class=\"vc_single_image-img\" src=\"https:\/\/polyesterstaplefiber.com\/wp-content\/uploads\/2023\/11\/psf-brown-02-300x300.png\" width=\"300\" height=\"300\" alt=\"\" title=\"\" loading=\"lazy\" \/><\/a>\n\t\t<\/figure>\n\t<\/div>\n<\/div><\/div><\/div><\/div><\/div><\/div><\/div><\/div><\/div><\/div><\/div><div class=\"vc_wpb_row_inner\"><div class=\"vc_row wpb_row vc_row-fluid remove_padding_top row-container\"><div class=\"container\"><div class=\"row\"><div class=\"wpb_column vc_column_container vc_col-sm-12\"><div class=\"vc_column-inner\"><div class=\"wpb_wrapper\"><div class=\"vc_row wpb_row vc_inner vc_row-fluid\"><div class=\"wpb_column vc_column_container vc_col-sm-12\"><div class=\"vc_column-inner\"><div class=\"wpb_wrapper\"><\/div><\/div><\/div><\/div><div class=\"vc_row wpb_row vc_inner vc_row-fluid\"><div class=\"wpb_column vc_column_container vc_col-sm-6 vc_col-lg-3 vc_col-md-3 vc_col-xs-6\"><div class=\"vc_column-inner\"><div class=\"wpb_wrapper\"><\/div><\/div><\/div><div class=\"wpb_column vc_column_container vc_col-sm-6 vc_col-lg-3 vc_col-md-3 vc_col-xs-6\"><div class=\"vc_column-inner\"><div class=\"wpb_wrapper\"><\/div><\/div><\/div><div class=\"wpb_column vc_column_container vc_col-sm-6 vc_col-lg-3 vc_col-md-3 vc_col-xs-6\"><div class=\"vc_column-inner\"><div class=\"wpb_wrapper\"><\/div><\/div><\/div><div class=\"wpb_column vc_column_container vc_col-sm-6 vc_col-lg-3 vc_col-md-3 vc_col-xs-6\"><div class=\"vc_column-inner\"><div class=\"wpb_wrapper\"><\/div><\/div><\/div><\/div><\/div><\/div><\/div><\/div><\/div><\/div><\/div><div class=\"vc_wpb_row_inner\"><div class=\"vc_row wpb_row vc_row-fluid remove_padding row-fullwidth\"><div class=\"wpb_column vc_column_container vc_col-sm-12\"><div class=\"vc_column-inner\"><div class=\"wpb_wrapper\"><\/div><\/div><\/div><\/div><\/div>\n<\/div>","protected":false},"excerpt":{"rendered":"Recycled Polyester TOPS Sustainable fibers caring future! Polyester tops and tows are perfect for outdoor gear that needs to endure intense sun exposure. Made from high-strength polyester fibers, they boast excellent heat resistance, maintaining their form without melting or deforming even at high temperatures. Additionally, these fibers offer superb UV resistance, are lightweight, and have [...]","protected":false},"author":1,"featured_media":0,"parent":0,"menu_order":0,"comment_status":"closed","ping_status":"closed","template":"","meta":{"footnotes":""},"class_list":["post-4251","page","type-page","status-publish","hentry"],"_links":{"self":[{"href":"https:\/\/polyesterstaplefiber.com\/tr\/wp-json\/wp\/v2\/pages\/4251","targetHints":{"allow":["GET"]}}],"collection":[{"href":"https:\/\/polyesterstaplefiber.com\/tr\/wp-json\/wp\/v2\/pages"}],"about":[{"href":"https:\/\/polyesterstaplefiber.com\/tr\/wp-json\/wp\/v2\/types\/page"}],"author":[{"embeddable":true,"href":"https:\/\/polyesterstaplefiber.com\/tr\/wp-json\/wp\/v2\/users\/1"}],"replies":[{"embeddable":true,"href":"https:\/\/polyesterstaplefiber.com\/tr\/wp-json\/wp\/v2\/comments?post=4251"}],"version-history":[{"count":7,"href":"https:\/\/polyesterstaplefiber.com\/tr\/wp-json\/wp\/v2\/pages\/4251\/revisions"}],"predecessor-version":[{"id":4989,"href":"https:\/\/polyesterstaplefiber.com\/tr\/wp-json\/wp\/v2\/pages\/4251\/revisions\/4989"}],"wp:attachment":[{"href":"https:\/\/polyesterstaplefiber.com\/tr\/wp-json\/wp\/v2\/media?parent=4251"}],"curies":[{"name":"wp","href":"https:\/\/api.w.org\/{rel}","templated":true}]}}