{"id":4234,"date":"2024-06-08T12:23:13","date_gmt":"2024-06-08T12:23:13","guid":{"rendered":"https:\/\/polyesterstaplefiber.com\/?page_id=4234"},"modified":"2026-01-06T09:58:33","modified_gmt":"2026-01-06T09:58:33","slug":"virgin-polyester-tops","status":"publish","type":"page","link":"https:\/\/polyesterstaplefiber.com\/tr\/virgin-polyester-tops\/","title":{"rendered":"Virjin Polyester TOPS"},"content":{"rendered":"<div class=\"wpb-content-wrapper\"><div class=\"vc_wpb_row_inner\"><div class=\"vc_row wpb_row vc_row-fluid padding-medium row-container\"><div class=\"container\"><div class=\"row\"><div class=\"wpb_column vc_column_container vc_col-sm-12\"><div class=\"vc_column-inner\"><div class=\"wpb_wrapper\">\r\n<div class=\"widget gsc-heading  align-center style-default text-dark\">\r\n      <h2 class=\"title\"><span>Virjin Polyester TOPS<\/span><\/h2>   <div class=\"line\"><span><\/span><\/div>\r\n   <div class=\"title-desc\">Gelece\u011fi s\u00fcrd\u00fcr\u00fclebilir hale getirmek i\u00e7in.<\/div><\/div>\r\n\n\t<div class=\"wpb_text_column wpb_content_element\" >\n\t\t<div class=\"wpb_wrapper\">\n\t\t\t<p style=\"text-align: center;\">Polyester tops, dayan\u0131kl\u0131l\u0131\u011f\u0131n ve g\u00fcc\u00fcn \u00f6n planda oldu\u011fu y\u00fcksek performansl\u0131 uygulamalar i\u00e7in tasarlanm\u0131\u015ft\u0131r. Y\u00fcksek kaliteli polyesterden \u00fcretilen bu elyaflar, ola\u011fan\u00fcst\u00fc \u0131s\u0131ya dayan\u0131kl\u0131l\u0131k sunar, bu sayede a\u015f\u0131r\u0131 s\u0131cakl\u0131k ko\u015fullar\u0131nda bile yap\u0131lar\u0131n\u0131 ve performanslar\u0131n\u0131 korurlar. M\u00fckemmel UV direnci sayesinde, uzun s\u00fcreli g\u00fcne\u015f maruziyetine kar\u015f\u0131 dayan\u0131kl\u0131d\u0131r ve bozulmazlar, bu da onlar\u0131 d\u0131\u015f mekan ekipmanlar\u0131, kuma\u015flar ve \u00fcr\u00fcnler i\u00e7in ideal hale getirir. Hafif ama g\u00fc\u00e7l\u00fc olan polyester tops ve tows, m\u00fckemmel konfor ve nefes alabilirlik sa\u011flar, bu da onlar\u0131 d\u0131\u015f giyim, \u00e7ad\u0131rlar, tente ve end\u00fcstriyel kuma\u015flar gibi geni\u015f bir uygulama yelpazesinde en iyi se\u00e7im yapar.<br><br>\n\nDo\u011fal ko\u015fullara dayanacak \u015fekilde tasarlanm\u0131\u015f olan bu elyaflar, uzun s\u00fcreli dayan\u0131kl\u0131l\u0131k ve fonksiyonellik sunar, zorlu ortamlarda hem konforu hem de performans\u0131 destekler.<\/p>\n\n\t\t<\/div>\n\t<\/div>\n<div class=\"vc_separator wpb_content_element vc_separator_align_center vc_sep_width_100 vc_sep_border_width_3 vc_sep_pos_align_center vc_separator_no_text vc_sep_color_grey wpb_content_element  wpb_content_element\" ><span class=\"vc_sep_holder vc_sep_holder_l\"><span class=\"vc_sep_line\"><\/span><\/span><span class=\"vc_sep_holder vc_sep_holder_r\"><span class=\"vc_sep_line\"><\/span><\/span>\n<\/div><div class=\"vc_row wpb_row vc_inner vc_row-fluid\"><div class=\"wpb_column vc_column_container vc_col-sm-4\"><div class=\"vc_column-inner\"><div class=\"wpb_wrapper\">\n\t<div class=\"wpb_text_column wpb_content_element\" >\n\t\t<div class=\"wpb_wrapper\">\n\t\t\t<p style=\"text-align: center;\">Hem virjin hem de geri d\u00f6n\u00fc\u015ft\u00fcr\u00fclm\u00fc\u015f polyester tops sunuyoruz, bunlar kat\u0131 ve y\u00fcksek hacimli t\u00fcrlerde mevcuttur ve \u00f6zel ihtiya\u00e7lar\u0131n\u0131za g\u00f6re uyarlanabilir.<\/p>\n\n\t\t<\/div>\n\t<\/div>\n<\/div><\/div><\/div><div class=\"wpb_column vc_column_container vc_col-sm-4\"><div class=\"vc_column-inner\"><div class=\"wpb_wrapper\">\n\t<div class=\"wpb_text_column wpb_content_element\" >\n\t\t<div class=\"wpb_wrapper\">\n\t\t\t<p style=\"text-align: center;\" class=\"translation-block\">Ana \u00fcretimimiz :\n1.5D\/2D\/3D<\/p>\n\n\t\t<\/div>\n\t<\/div>\n<\/div><\/div><\/div><div class=\"wpb_column vc_column_container vc_col-sm-4\"><div class=\"vc_column-inner\"><div class=\"wpb_wrapper\">\n\t<div class=\"wpb_text_column wpb_content_element\" >\n\t\t<div class=\"wpb_wrapper\">\n\t\t\t<p><strong>Bobin \u00f6zelikleri : <\/strong><\/p>\n<p>En: 40cm<br \/>\nY\u00fckseklik: 40cm<br \/>\nA\u011fr\u0131l\u0131k: 11-12kg\/bobin, 22ton\/40HQ<\/p>\n<p><strong>Bumps \u00d6zellikleri :<\/strong><\/p>\n<p>En: 38cm<br \/>\nY\u00fckseklik: 40cm<br \/>\nA\u011fr\u0131l\u0131k: 8-9.5kg\/bump, 16-18ton\/40HQ<\/p>\n\n\t\t<\/div>\n\t<\/div>\n<\/div><\/div><\/div><\/div><div class=\"vc_separator wpb_content_element vc_separator_align_center vc_sep_width_100 vc_sep_border_width_3 vc_sep_pos_align_center vc_separator_no_text vc_sep_color_grey wpb_content_element  wpb_content_element\" ><span class=\"vc_sep_holder vc_sep_holder_l\"><span class=\"vc_sep_line\"><\/span><\/span><span class=\"vc_sep_holder vc_sep_holder_r\"><span class=\"vc_sep_line\"><\/span><\/span>\n<\/div><div class=\"vc_row wpb_row vc_inner vc_row-fluid\"><div class=\"wpb_column vc_column_container vc_col-sm-3\"><div class=\"vc_column-inner\"><div class=\"wpb_wrapper\">\r\n<div class=\"widget gsc-heading  align-center style-default text-dark\">\r\n      <h2 class=\"title\"><span>\u00dcst\u00fcn Renk Tutma \u00d6zelli\u011fi i\u00e7in Ola\u011fan\u00fcst\u00fc Is\u0131 ve Kimyasal Direnci<\/span><\/h2>   <div class=\"line\"><span><\/span><\/div>\r\n   <\/div>\r\n<\/div><\/div><\/div><div class=\"wpb_column vc_column_container vc_col-sm-3\"><div class=\"vc_column-inner\"><div class=\"wpb_wrapper\">\n\t<div class=\"wpb_text_column wpb_content_element\" >\n\t\t<div class=\"wpb_wrapper\">\n\t\t\t<p style=\"text-align: left;\">sunclover\u00ae <strong>clover\u00ae | polyesterstaplefiber.com<\/strong>, we supply premium polyester tops and tows that are highly valued in the textile industry. Our products offer excellent resistance to sublimation and ensure superior color retention, even during soaping, maintaining vibrancy at elevated temperatures. They are also resistant to chemicals, detergents, and strong alkaline substances, preventing dye fading or dissolution. As a result, our polyester tops and tows are ideal for use in home textiles, apparel, and industrial applications, providing our customers with durable, high-quality materials that meet the highest standards.<\/p>\n\n\t\t<\/div>\n\t<\/div>\n<\/div><\/div><\/div><div class=\"wpb_column vc_column_container vc_col-sm-3\"><div class=\"vc_column-inner\"><div class=\"wpb_wrapper\">\r\n<div class=\"widget gsc-heading  align-center style-default text-dark\">\r\n      <h2 class=\"title\"><span>En \u0130yi Renk Hasl\u0131\u011f\u0131<\/span><\/h2>   <div class=\"line\"><span><\/span><\/div>\r\n   <\/div>\r\n<\/div><\/div><\/div><div class=\"wpb_column vc_column_container vc_col-sm-3\"><div class=\"vc_column-inner\"><div class=\"wpb_wrapper\">\n\t<div class=\"wpb_text_column wpb_content_element\" >\n\t\t<div class=\"wpb_wrapper\">\n\t\t\t<p>sunclover\u00ae <strong>clover\u00ae | polyesterstaplefiber.com<\/strong>, our polyester tops and tows are carefully selected for their exceptional color fastness, a key factor in ensuring the longevity and appearance of textiles. Our fibers are rigorously tested for resistance to light, water, and friction, ensuring they maintain color stability and vibrancy even under prolonged sun exposure, repeated washing, and sustained friction. We prioritize high-quality performance, guaranteeing that our polyester tops and tows provide excellent color retention and brightness over time, making them ideal for various textile applications where lasting color quality is essential.<\/p>\n\n\t\t<\/div>\n\t<\/div>\n<\/div><\/div><\/div><\/div><div class=\"vc_separator wpb_content_element vc_separator_align_center vc_sep_width_100 vc_sep_border_width_3 vc_sep_pos_align_center vc_separator_no_text vc_sep_color_grey wpb_content_element  wpb_content_element\" ><span class=\"vc_sep_holder vc_sep_holder_l\"><span class=\"vc_sep_line\"><\/span><\/span><span class=\"vc_sep_holder vc_sep_holder_r\"><span class=\"vc_sep_line\"><\/span><\/span>\n<\/div><div class=\"vc_row wpb_row vc_inner vc_row-fluid\"><div class=\"wpb_column vc_column_container vc_col-sm-4\"><div class=\"vc_column-inner\"><div class=\"wpb_wrapper\"><h1 style=\"text-align: left\" class=\"vc_custom_heading vc_do_custom_heading\" >Siyah<\/h1>\n\t<div  class=\"wpb_single_image wpb_content_element vc_align_center wpb_content_element\">\n\t\t\n\t\t<figure class=\"wpb_wrapper vc_figure\">\n\t\t\t<a href=\"https:\/\/polyesterstaplefiber.com\/wp-content\/uploads\/2023\/11\/psf-black-01.png\" target=\"_self\" class=\"vc_single_image-wrapper vc_box_rounded  vc_box_border_grey\"><img decoding=\"async\" class=\"vc_single_image-img\" src=\"https:\/\/polyesterstaplefiber.com\/wp-content\/uploads\/2023\/11\/psf-black-01-300x300.png\" width=\"300\" height=\"300\" alt=\"\" title=\"\" loading=\"lazy\" \/><\/a>\n\t\t<\/figure>\n\t<\/div>\n<h1 style=\"text-align: left\" class=\"vc_custom_heading vc_do_custom_heading\" >Mor<\/h1>\n\t<div  class=\"wpb_single_image wpb_content_element vc_align_center wpb_content_element\">\n\t\t\n\t\t<figure class=\"wpb_wrapper vc_figure\">\n\t\t\t<a href=\"https:\/\/polyesterstaplefiber.com\/wp-content\/uploads\/2023\/11\/psf-purple-02.png\" target=\"_self\" class=\"vc_single_image-wrapper vc_box_rounded  vc_box_border_grey\"><img decoding=\"async\" class=\"vc_single_image-img\" src=\"https:\/\/polyesterstaplefiber.com\/wp-content\/uploads\/2023\/11\/psf-purple-02-300x300.png\" width=\"300\" height=\"300\" alt=\"\" title=\"\" loading=\"lazy\" \/><\/a>\n\t\t<\/figure>\n\t<\/div>\n<h1 style=\"text-align: left\" class=\"vc_custom_heading vc_do_custom_heading\" >Koyu Mavi<\/h1>\n\t<div  class=\"wpb_single_image wpb_content_element vc_align_center wpb_content_element\">\n\t\t\n\t\t<figure class=\"wpb_wrapper vc_figure\">\n\t\t\t<a href=\"https:\/\/polyesterstaplefiber.com\/wp-content\/uploads\/2023\/11\/psf-blue-01.png\" target=\"_self\" class=\"vc_single_image-wrapper vc_box_rounded  vc_box_border_grey\"><img decoding=\"async\" class=\"vc_single_image-img\" src=\"https:\/\/polyesterstaplefiber.com\/wp-content\/uploads\/2023\/11\/psf-blue-01-300x300.png\" width=\"300\" height=\"300\" alt=\"\" title=\"\" loading=\"lazy\" \/><\/a>\n\t\t<\/figure>\n\t<\/div>\n<h1 style=\"text-align: left\" class=\"vc_custom_heading vc_do_custom_heading\" >Sar\u0131<\/h1>\n\t<div  class=\"wpb_single_image wpb_content_element vc_align_center wpb_content_element\">\n\t\t\n\t\t<figure class=\"wpb_wrapper vc_figure\">\n\t\t\t<a href=\"https:\/\/polyesterstaplefiber.com\/wp-content\/uploads\/2023\/11\/psf-yellow-01.png\" target=\"_self\" class=\"vc_single_image-wrapper vc_box_rounded  vc_box_border_grey\"><img decoding=\"async\" class=\"vc_single_image-img\" src=\"https:\/\/polyesterstaplefiber.com\/wp-content\/uploads\/2023\/11\/psf-yellow-01-300x300.png\" width=\"300\" height=\"300\" alt=\"\" title=\"\" loading=\"lazy\" \/><\/a>\n\t\t<\/figure>\n\t<\/div>\n<h1 style=\"text-align: left\" class=\"vc_custom_heading vc_do_custom_heading\" >Pembe<\/h1>\n\t<div  class=\"wpb_single_image wpb_content_element vc_align_center wpb_content_element\">\n\t\t\n\t\t<figure class=\"wpb_wrapper vc_figure\">\n\t\t\t<a href=\"https:\/\/polyesterstaplefiber.com\/wp-content\/uploads\/2023\/11\/psf-pink-02.png\" target=\"_self\" class=\"vc_single_image-wrapper vc_box_rounded  vc_box_border_grey\"><img decoding=\"async\" class=\"vc_single_image-img\" src=\"https:\/\/polyesterstaplefiber.com\/wp-content\/uploads\/2023\/11\/psf-pink-02-300x300.png\" width=\"300\" height=\"300\" alt=\"\" title=\"\" loading=\"lazy\" \/><\/a>\n\t\t<\/figure>\n\t<\/div>\n<\/div><\/div><\/div><div class=\"wpb_column vc_column_container vc_col-sm-4\"><div class=\"vc_column-inner\"><div class=\"wpb_wrapper\"><h1 style=\"text-align: left\" class=\"vc_custom_heading vc_do_custom_heading\" >Ham Beyaz &amp; Beyaz<\/h1>\n\t<div  class=\"wpb_single_image wpb_content_element vc_align_center wpb_content_element\">\n\t\t\n\t\t<figure class=\"wpb_wrapper vc_figure\">\n\t\t\t<a href=\"https:\/\/polyesterstaplefiber.com\/wp-content\/uploads\/2023\/11\/psf-white-01.png\" target=\"_self\" class=\"vc_single_image-wrapper vc_box_rounded  vc_box_border_grey\"><img decoding=\"async\" class=\"vc_single_image-img\" src=\"https:\/\/polyesterstaplefiber.com\/wp-content\/uploads\/2023\/11\/psf-white-01-300x300.png\" width=\"300\" height=\"300\" alt=\"\" title=\"\" loading=\"lazy\" \/><\/a>\n\t\t<\/figure>\n\t<\/div>\n<h1 style=\"text-align: left\" class=\"vc_custom_heading vc_do_custom_heading\" >Ye\u015fil<\/h1>\n\t<div  class=\"wpb_single_image wpb_content_element vc_align_center wpb_content_element\">\n\t\t\n\t\t<figure class=\"wpb_wrapper vc_figure\">\n\t\t\t<a href=\"https:\/\/polyesterstaplefiber.com\/wp-content\/uploads\/2023\/11\/psf-green-grass-01.png\" target=\"_self\" class=\"vc_single_image-wrapper vc_box_rounded  vc_box_border_grey\"><img decoding=\"async\" class=\"vc_single_image-img\" src=\"https:\/\/polyesterstaplefiber.com\/wp-content\/uploads\/2023\/11\/psf-green-grass-01-300x300.png\" width=\"300\" height=\"300\" alt=\"psf-green-grass-01\" title=\"psf-green-grass-01\" loading=\"lazy\" \/><\/a>\n\t\t<\/figure>\n\t<\/div>\n<h1 style=\"text-align: left\" class=\"vc_custom_heading vc_do_custom_heading\" >Gri<\/h1>\n\t<div  class=\"wpb_single_image wpb_content_element vc_align_center wpb_content_element\">\n\t\t\n\t\t<figure class=\"wpb_wrapper vc_figure\">\n\t\t\t<a href=\"https:\/\/polyesterstaplefiber.com\/wp-content\/uploads\/2023\/11\/psf-gray-01.png\" target=\"_self\" class=\"vc_single_image-wrapper vc_box_rounded  vc_box_border_grey\"><img decoding=\"async\" class=\"vc_single_image-img\" src=\"https:\/\/polyesterstaplefiber.com\/wp-content\/uploads\/2023\/11\/psf-gray-01-300x300.png\" width=\"300\" height=\"300\" alt=\"\" title=\"\" loading=\"lazy\" \/><\/a>\n\t\t<\/figure>\n\t<\/div>\n<h1 style=\"text-align: left\" class=\"vc_custom_heading vc_do_custom_heading\" >Kahve<\/h1>\n\t<div  class=\"wpb_single_image wpb_content_element vc_align_center wpb_content_element\">\n\t\t\n\t\t<figure class=\"wpb_wrapper vc_figure\">\n\t\t\t<a href=\"https:\/\/polyesterstaplefiber.com\/wp-content\/uploads\/2023\/11\/psf-brown-03.png\" target=\"_self\" class=\"vc_single_image-wrapper vc_box_rounded  vc_box_border_grey\"><img decoding=\"async\" class=\"vc_single_image-img\" src=\"https:\/\/polyesterstaplefiber.com\/wp-content\/uploads\/2023\/11\/psf-brown-03-300x300.png\" width=\"300\" height=\"300\" alt=\"\" title=\"\" loading=\"lazy\" \/><\/a>\n\t\t<\/figure>\n\t<\/div>\n<h1 style=\"text-align: left\" class=\"vc_custom_heading vc_do_custom_heading\" >Zeytin<\/h1>\n\t<div  class=\"wpb_single_image wpb_content_element vc_align_center wpb_content_element\">\n\t\t\n\t\t<figure class=\"wpb_wrapper vc_figure\">\n\t\t\t<a href=\"https:\/\/polyesterstaplefiber.com\/wp-content\/uploads\/2023\/11\/psf-brown-01.png\" target=\"_self\" class=\"vc_single_image-wrapper vc_box_rounded  vc_box_border_grey\"><img decoding=\"async\" class=\"vc_single_image-img\" src=\"https:\/\/polyesterstaplefiber.com\/wp-content\/uploads\/2023\/11\/psf-brown-01-300x300.png\" width=\"300\" height=\"300\" alt=\"\" title=\"\" loading=\"lazy\" \/><\/a>\n\t\t<\/figure>\n\t<\/div>\n<\/div><\/div><\/div><div class=\"wpb_column vc_column_container vc_col-sm-4\"><div class=\"vc_column-inner\"><div class=\"wpb_wrapper\"><h1 style=\"text-align: left\" class=\"vc_custom_heading vc_do_custom_heading\" >K\u0131rm\u0131z\u0131<\/h1>\n\t<div  class=\"wpb_single_image wpb_content_element vc_align_center wpb_content_element\">\n\t\t\n\t\t<figure class=\"wpb_wrapper vc_figure\">\n\t\t\t<a href=\"https:\/\/polyesterstaplefiber.com\/wp-content\/uploads\/2023\/11\/psf-red-02.png\" target=\"_self\" class=\"vc_single_image-wrapper vc_box_rounded  vc_box_border_grey\"><img decoding=\"async\" class=\"vc_single_image-img\" src=\"https:\/\/polyesterstaplefiber.com\/wp-content\/uploads\/2023\/11\/psf-red-02-300x300.png\" width=\"300\" height=\"300\" alt=\"\" title=\"\" loading=\"lazy\" \/><\/a>\n\t\t<\/figure>\n\t<\/div>\n<h1 style=\"text-align: left\" class=\"vc_custom_heading vc_do_custom_heading\" >A\u00e7\u0131k Mavi<\/h1>\n\t<div  class=\"wpb_single_image wpb_content_element vc_align_center wpb_content_element\">\n\t\t\n\t\t<figure class=\"wpb_wrapper vc_figure\">\n\t\t\t<a href=\"https:\/\/polyesterstaplefiber.com\/wp-content\/uploads\/2023\/11\/psf-tow-blue-light-01.png\" target=\"_self\" class=\"vc_single_image-wrapper vc_box_rounded  vc_box_border_grey\"><img decoding=\"async\" class=\"vc_single_image-img\" src=\"https:\/\/polyesterstaplefiber.com\/wp-content\/uploads\/2023\/11\/psf-tow-blue-light-01-300x300.png\" width=\"300\" height=\"300\" alt=\"psf-tow-blue-light-01\" title=\"psf-tow-blue-light-01\" loading=\"lazy\" \/><\/a>\n\t\t<\/figure>\n\t<\/div>\n<h1 style=\"text-align: left\" class=\"vc_custom_heading vc_do_custom_heading\" >A\u00e7\u0131k Sar\u0131<\/h1>\n\t<div  class=\"wpb_single_image wpb_content_element vc_align_center wpb_content_element\">\n\t\t\n\t\t<figure class=\"wpb_wrapper vc_figure\">\n\t\t\t<a href=\"https:\/\/polyesterstaplefiber.com\/wp-content\/uploads\/2023\/11\/psf-yellow-02.png\" target=\"_self\" class=\"vc_single_image-wrapper vc_box_rounded  vc_box_border_grey\"><img decoding=\"async\" class=\"vc_single_image-img\" src=\"https:\/\/polyesterstaplefiber.com\/wp-content\/uploads\/2023\/11\/psf-yellow-02-300x300.png\" width=\"300\" height=\"300\" alt=\"\" title=\"\" loading=\"lazy\" \/><\/a>\n\t\t<\/figure>\n\t<\/div>\n<h1 style=\"text-align: left\" class=\"vc_custom_heading vc_do_custom_heading\" >Kestane<\/h1>\n\t<div  class=\"wpb_single_image wpb_content_element vc_align_center wpb_content_element\">\n\t\t\n\t\t<figure class=\"wpb_wrapper vc_figure\">\n\t\t\t<a href=\"https:\/\/polyesterstaplefiber.com\/wp-content\/uploads\/2023\/11\/psf-bordeoaux-02.png\" target=\"_self\" class=\"vc_single_image-wrapper vc_box_rounded  vc_box_border_grey\"><img decoding=\"async\" class=\"vc_single_image-img\" src=\"https:\/\/polyesterstaplefiber.com\/wp-content\/uploads\/2023\/11\/psf-bordeoaux-02-300x300.png\" width=\"300\" height=\"300\" alt=\"\" title=\"\" loading=\"lazy\" \/><\/a>\n\t\t<\/figure>\n\t<\/div>\n<h1 style=\"text-align: left\" class=\"vc_custom_heading vc_do_custom_heading\" >Deve T\u00fcy\u00fc<\/h1>\n\t<div  class=\"wpb_single_image wpb_content_element vc_align_center wpb_content_element\">\n\t\t\n\t\t<figure class=\"wpb_wrapper vc_figure\">\n\t\t\t<a href=\"https:\/\/polyesterstaplefiber.com\/wp-content\/uploads\/2023\/11\/psf-brown-02.png\" target=\"_self\" class=\"vc_single_image-wrapper vc_box_rounded  vc_box_border_grey\"><img decoding=\"async\" class=\"vc_single_image-img\" src=\"https:\/\/polyesterstaplefiber.com\/wp-content\/uploads\/2023\/11\/psf-brown-02-300x300.png\" width=\"300\" height=\"300\" alt=\"\" title=\"\" loading=\"lazy\" \/><\/a>\n\t\t<\/figure>\n\t<\/div>\n<\/div><\/div><\/div><\/div><\/div><\/div><\/div><\/div><\/div><\/div><\/div><div class=\"vc_wpb_row_inner\"><div class=\"vc_row wpb_row vc_row-fluid remove_padding_top row-container\"><div class=\"container\"><div class=\"row\"><div class=\"wpb_column vc_column_container vc_col-sm-12\"><div class=\"vc_column-inner\"><div class=\"wpb_wrapper\"><div class=\"vc_row wpb_row vc_inner vc_row-fluid\"><div class=\"wpb_column vc_column_container vc_col-sm-12\"><div class=\"vc_column-inner\"><div class=\"wpb_wrapper\"><\/div><\/div><\/div><\/div><div class=\"vc_row wpb_row vc_inner vc_row-fluid\"><div class=\"wpb_column vc_column_container vc_col-sm-6 vc_col-lg-3 vc_col-md-3 vc_col-xs-6\"><div class=\"vc_column-inner\"><div class=\"wpb_wrapper\"><\/div><\/div><\/div><div class=\"wpb_column vc_column_container vc_col-sm-6 vc_col-lg-3 vc_col-md-3 vc_col-xs-6\"><div class=\"vc_column-inner\"><div class=\"wpb_wrapper\"><\/div><\/div><\/div><div class=\"wpb_column vc_column_container vc_col-sm-6 vc_col-lg-3 vc_col-md-3 vc_col-xs-6\"><div class=\"vc_column-inner\"><div class=\"wpb_wrapper\"><\/div><\/div><\/div><div class=\"wpb_column vc_column_container vc_col-sm-6 vc_col-lg-3 vc_col-md-3 vc_col-xs-6\"><div class=\"vc_column-inner\"><div class=\"wpb_wrapper\"><\/div><\/div><\/div><\/div><\/div><\/div><\/div><\/div><\/div><\/div><\/div><div class=\"vc_wpb_row_inner\"><div class=\"vc_row wpb_row vc_row-fluid remove_padding row-fullwidth\"><div class=\"wpb_column vc_column_container vc_col-sm-12\"><div class=\"vc_column-inner\"><div class=\"wpb_wrapper\"><\/div><\/div><\/div><\/div><\/div>\n<\/div>","protected":false},"excerpt":{"rendered":"Virgin Polyester TOPS Sustainable fibers caring future! Polyester tops and tows are engineered for high-performance applications where durability and strength are paramount. These fibers, made from high-quality polyester, offer superior heat resistance, retaining their structure and performance even in extreme temperature conditions. Their exceptional UV resistance ensures they stand up to prolonged sun exposure without [...]","protected":false},"author":1,"featured_media":0,"parent":0,"menu_order":0,"comment_status":"closed","ping_status":"closed","template":"","meta":{"footnotes":""},"class_list":["post-4234","page","type-page","status-publish","hentry"],"_links":{"self":[{"href":"https:\/\/polyesterstaplefiber.com\/tr\/wp-json\/wp\/v2\/pages\/4234","targetHints":{"allow":["GET"]}}],"collection":[{"href":"https:\/\/polyesterstaplefiber.com\/tr\/wp-json\/wp\/v2\/pages"}],"about":[{"href":"https:\/\/polyesterstaplefiber.com\/tr\/wp-json\/wp\/v2\/types\/page"}],"author":[{"embeddable":true,"href":"https:\/\/polyesterstaplefiber.com\/tr\/wp-json\/wp\/v2\/users\/1"}],"replies":[{"embeddable":true,"href":"https:\/\/polyesterstaplefiber.com\/tr\/wp-json\/wp\/v2\/comments?post=4234"}],"version-history":[{"count":24,"href":"https:\/\/polyesterstaplefiber.com\/tr\/wp-json\/wp\/v2\/pages\/4234\/revisions"}],"predecessor-version":[{"id":5220,"href":"https:\/\/polyesterstaplefiber.com\/tr\/wp-json\/wp\/v2\/pages\/4234\/revisions\/5220"}],"wp:attachment":[{"href":"https:\/\/polyesterstaplefiber.com\/tr\/wp-json\/wp\/v2\/media?parent=4234"}],"curies":[{"name":"wp","href":"https:\/\/api.w.org\/{rel}","templated":true}]}}