{"id":4146,"date":"2024-03-17T14:30:12","date_gmt":"2024-03-17T14:30:12","guid":{"rendered":"https:\/\/polyesterstaplefiber.com\/?page_id=4146"},"modified":"2024-11-25T22:08:47","modified_gmt":"2024-11-25T22:08:47","slug":"virgin-polyester-fiber-faqs","status":"publish","type":"page","link":"https:\/\/polyesterstaplefiber.com\/tr\/virgin-polyester-fiber-faqs\/","title":{"rendered":"Virjin Polyester Elyaf SSS"},"content":{"rendered":"<div class=\"wpb-content-wrapper\"><div class=\"vc_wpb_row_inner  vc_custom_1496072413072\"><div class=\"vc_row wpb_row vc_row-fluid remove_padding_top row-container\"><div class=\"container\"><div class=\"row\"><div class=\"wpb_column vc_column_container vc_col-sm-12\"><div class=\"vc_column-inner\"><div class=\"wpb_wrapper\">\r\n<div class=\"widget gsc-heading  align-left style-3 text-dark\">\r\n      <h2 class=\"title\"><span>SSS S\u0131k\u00e7a Sorulmu\u015f Sorular<\/span><\/h2>   <div class=\"line\"><span><\/span><\/div>\r\n   <div class=\"title-desc\">Virjin polyester elyaf, \u00e7e\u015fitli sekt\u00f6rlerde tercih edilen bir se\u00e7enek haline getiren bir\u00e7ok avantaj sunar. \u00d6ncelikle, \u00fcst\u00fcn dayan\u0131kl\u0131l\u0131\u011f\u0131 ve sa\u011flaml\u0131\u011f\u0131, nihai \u00fcr\u00fcnlerin uzun \u00f6m\u00fcrl\u00fc olmas\u0131n\u0131 sa\u011flar ve \u00f6zellikle otomotiv d\u00f6\u015femeleri veya d\u0131\u015f mekan tekstilleri gibi dayan\u0131kl\u0131l\u0131\u011f\u0131n \u00f6nemli oldu\u011fu uygulamalar i\u00e7in idealdir.\n\nBunun yan\u0131 s\u0131ra, virjin polyester elyaf\u0131n m\u00fckemmel k\u0131r\u0131\u015f\u0131kl\u0131k direnci ve \u015fekil koruma \u00f6zellikleri, kuma\u015flar\u0131n tekrar tekrar kullan\u0131lmas\u0131na ve y\u0131kanmas\u0131na ra\u011fmen temiz ve p\u00fcr\u00fczs\u00fcz bir g\u00f6r\u00fcn\u00fcm sunar. Bu dayan\u0131kl\u0131l\u0131k, ayn\u0131 zamanda elyaf\u0131n esneme ve \u00e7ekmeye kar\u015f\u0131 direncini de kapsar, b\u00f6ylece \u00fcr\u00fcnler zaman i\u00e7inde orijinal boyutlar\u0131n\u0131 ve uyumlar\u0131n\u0131 korur.\n\nAyr\u0131ca, virjin polyester elyaf\u0131n h\u0131zl\u0131 kuruma \u00f6zelli\u011fi, nem emici giysiler i\u00e7in pratik bir se\u00e7enek olmas\u0131n\u0131 sa\u011flar ve fiziksel aktiviteler s\u0131ras\u0131nda veya nemli ortamlarda kullan\u0131c\u0131 konforunu art\u0131r\u0131r. Bunun \u00f6tesinde, di\u011fer elyaflarla kar\u0131\u015ft\u0131r\u0131labilme esnekli\u011fi sayesinde \u00fcreticiler, termal yal\u0131t\u0131m\u0131n art\u0131r\u0131lmas\u0131, nem y\u00f6netiminin geli\u015ftirilmesi veya istenilen estetik \u00f6zelliklere ula\u015f\u0131lmas\u0131 gibi belirli performans gereksinimlerini kar\u015f\u0131lamak i\u00e7in kuma\u015f \u00f6zelliklerini \u00f6zelle\u015ftirebilirler.\n\nSonu\u00e7 olarak, virjin polyester elyaf\u0131n avantajlar\u0131; dayan\u0131kl\u0131l\u0131k, \u00e7ok y\u00f6nl\u00fcl\u00fck ve y\u00fcksek performans\u0131 kapsayarak, hem t\u00fcketici hem de end\u00fcstriyel uygulamalarda vazge\u00e7ilmez bir bile\u015fen haline gelmi\u015ftir.<\/div><\/div>\r\n<div id=\"1457750845689-739a48a3-2840\" class=\"vc_do_toggle vc_toggle vc_toggle_default vc_toggle_color_default  vc_toggle_size_md vc_toggle_active\"><div class=\"vc_toggle_title\"><h4>1. Virjin polyester elyaf nedir?<\/h4><i class=\"vc_toggle_icon\"><\/i><\/div><div class=\"vc_toggle_content\"><p>Virjin polyester elyaf, petrokimyasallardan, \u00f6zellikle Safla\u015ft\u0131r\u0131lm\u0131\u015f Tereftalik Asit (PTA) ve Monoetilen Glikol (MEG) bile\u015fenlerinden \u00fcretilen sentetik bir elyaft\u0131r. Dayan\u0131kl\u0131l\u0131\u011f\u0131, sa\u011flaml\u0131\u011f\u0131 ve \u00e7ok y\u00f6nl\u00fcl\u00fc\u011f\u00fc ile tan\u0131nan bu elyaf, tekstil, otomotiv ve ev dekorasyonu gibi \u00e7e\u015fitli sekt\u00f6rlerde pop\u00fcler bir tercih haline gelmi\u015ftir.<\/p>\n<\/div><\/div><div id=\"1457750868241-e1b4ae5b-0134\" class=\"vc_do_toggle vc_toggle vc_toggle_default vc_toggle_color_default  vc_toggle_size_md\"><div class=\"vc_toggle_title\"><h4>2. Virjin Polyester Elyaf\u0131n \u00dcretim S\u00fcreci<\/h4><i class=\"vc_toggle_icon\"><\/i><\/div><div class=\"vc_toggle_content\"><p>Virjin polyester elyaf, PTA (Safla\u015ft\u0131r\u0131lm\u0131\u015f Tereftalik Asit) ve MEG (Monoetilen Glikol) bile\u015fenlerinin birle\u015ftirilip reaksiyona sokuldu\u011fu bir polimerizasyon s\u00fcreciyle \u00fcretilir. Bu s\u00fcre\u00e7te, polietilen tereftalat (PET) ad\u0131 verilen bir polimer olu\u015fturulur. Elde edilen PET polimeri, ince filamentler halinde ekstr\u00fcde edilir ve daha sonra k\u0131sa uzunluklara kesilerek elyaf haline getirilir.<\/p>\n<p>&nbsp;<\/p>\n<\/div><\/div><div id=\"1457750867364-d42648bc-b4ff\" class=\"vc_do_toggle vc_toggle vc_toggle_default vc_toggle_color_default  vc_toggle_size_md\"><div class=\"vc_toggle_title\"><h4>3. Virjin polyester elyaf'\u0131n avantajlar\u0131 nedlerdir?<\/h4><i class=\"vc_toggle_icon\"><\/i><\/div><div class=\"vc_toggle_content\"><p>Virjin polyester elyaf, a\u015fa\u011f\u0131daki avantajlar\u0131 sunar:<\/p>\n<ul>\n<li>Y\u00fcksek mukavemet ve sa\u011flaml\u0131k<\/li>\n<li>M\u00fckemmel k\u0131r\u0131\u015f\u0131kl\u0131k ve buru\u015fukluk direnci<\/li>\n<li>Resistance to stretching and shrinking<\/li>\n<li>H\u0131zl\u0131 kuruma \u00f6zelli\u011fi<\/li>\n<li>D\u00fc\u015f\u00fck nem \u00e7ekme<\/li>\n<li>Boya alma ve renk hasl\u0131\u011f\u0131nda kolayl\u0131k<\/li>\n<li>Di\u011fer elyaflarla kar\u0131\u015ft\u0131r\u0131labilme esnekli\u011fi sayesinde geli\u015ftirilmi\u015f performans \u00f6zellikleri sunar.<\/li>\n<\/ul>\n<\/div><\/div><div id=\"1457750866714-beb015d3-6580\" class=\"vc_do_toggle vc_toggle vc_toggle_default vc_toggle_color_default  vc_toggle_size_md\"><div class=\"vc_toggle_title\"><h4>4. Virjin Polyester Elyaf Hangi Uygulamalar \u0130\u00e7in Uygundur?<\/h4><i class=\"vc_toggle_icon\"><\/i><\/div><div class=\"vc_toggle_content\"><p>Virjin polyester elyaf, geni\u015f bir yelpazede a\u015fa\u011f\u0131daki uygulamalarda kullan\u0131l\u0131r:<\/p>\n<ul>\n<li>Tekstil \u00dcr\u00fcnleri: Giyim, spor k\u0131yafetleri, i\u00e7 giyim ve ev tekstili (\u00e7ar\u015faf, yast\u0131k, perde).<\/li>\n<li>Otomotiv: Koltuk d\u00f6\u015femeleri, yal\u0131t\u0131m malzemeleri ve i\u00e7 d\u00f6\u015feme.<\/li>\n<li>nd\u00fcstriyel Kullan\u0131mlar: Filtreler, geotekstiller ve takviye malzemeleri.<\/li>\n<li>Mobilya ve Dekorasyon: Dolgu malzemeleri, yast\u0131k ve minder \u00fcretimi.<\/li>\n<li>Hijyen \u00dcr\u00fcnleri: Bebek bezleri ve temizlik bezleri gibi \u00fcr\u00fcnler i\u00e7in.<\/li>\n<\/ul>\n<\/div><\/div><div id=\"1457754723930-795c2a7a-3abf\" class=\"vc_do_toggle vc_toggle vc_toggle_default vc_toggle_color_default  vc_toggle_size_md\"><div class=\"vc_toggle_title\"><h4>5. Virjin Polyester Elyaf \u00c7evre Dostu Mudur?<\/h4><i class=\"vc_toggle_icon\"><\/i><\/div><div class=\"vc_toggle_content\"><p>Polyester, petrolem kimyasallar\u0131ndan t\u00fcretilmi\u015f olsa da, teknolojideki ilerlemeler daha s\u00fcrd\u00fcr\u00fclebilir \u00fcretim s\u00fcre\u00e7lerinin ve geri d\u00f6n\u00fc\u015f\u00fcm giri\u015fimlerinin geli\u015ftirilmesini sa\u011flam\u0131\u015ft\u0131r. Ayr\u0131ca, virjin polyester elyaf geri d\u00f6n\u00fc\u015ft\u00fcr\u00fclebilir ve yeniden kullan\u0131labilir, bu da \u00e7evresel etkilerini azalt\u0131r.\n\nGeri d\u00f6n\u00fc\u015f\u00fcm sayesinde, polyester elyaflar tekrar i\u015flenerek yeni \u00fcr\u00fcnlere d\u00f6n\u00fc\u015ft\u00fcr\u00fclebilir, b\u00f6ylece do\u011fal kaynaklar\u0131n t\u00fcketimi azal\u0131r ve at\u0131k miktar\u0131 d\u00fc\u015fer. Bu da virjin polyester elyaf\u0131n \u00e7evre \u00fczerindeki olumsuz etkilerini \u00f6nemli \u00f6l\u00e7\u00fcde azaltan bir fakt\u00f6rd\u00fcr.<\/p>\n<\/div><\/div><div id=\"1457754748552-254c6446-e33f\" class=\"vc_do_toggle vc_toggle vc_toggle_default vc_toggle_color_default  vc_toggle_size_md\"><div class=\"vc_toggle_title\"><h4>6. Virjin Polyester Elyaf ile Geri D\u00f6n\u00fc\u015ft\u00fcr\u00fclm\u00fc\u015f Polyester Elyaf Kar\u015f\u0131la\u015ft\u0131rmas\u0131<\/h4><i class=\"vc_toggle_icon\"><\/i><\/div><div class=\"vc_toggle_content\"><p data-sourcepos=\"11:1-11:50\">Virjin polyester elyaf ile geri d\u00f6n\u00fc\u015ft\u00fcr\u00fclm\u00fc\u015f polyester elyaf aras\u0131ndaki farklar, \u00fcretim s\u00fcre\u00e7leri ve \u00e7evresel etkiler a\u00e7\u0131s\u0131ndan belirginle\u015fir. \u0130\u015fte ikisi aras\u0131ndaki temel farklar:\n\n<br><br>\u00dcretim S\u00fcreci:<br><br>\n\nVirjin Polyester Elyaf: Do\u011fal kaynaklardan, \u00f6zellikle petrolden t\u00fcretilen saf kimyasallar (PTA ve MEG) ile \u00fcretilir. Bu s\u00fcre\u00e7, \u00e7evresel etkiler a\u00e7\u0131s\u0131ndan daha fazla enerji ve kaynak t\u00fcketebilir.\nGeri D\u00f6n\u00fc\u015ft\u00fcr\u00fclm\u00fc\u015f Polyester Elyaf: Kullan\u0131lm\u0131\u015f plastik at\u0131klardan veya eski polyester \u00fcr\u00fcnlerinden elde edilen elyaflard\u0131r. Bu, at\u0131klar\u0131n tekrar kullan\u0131lmas\u0131 ve do\u011fal kaynaklar\u0131n daha az t\u00fcketilmesi a\u00e7\u0131s\u0131ndan \u00e7evre dostudur.<br><br>\n\u00c7evresel Etkiler:<br><br>\n\nVirjin Polyester Elyaf: \u00dcretimi daha fazla enerji ve su kullan\u0131m\u0131 gerektirdi\u011fi i\u00e7in \u00e7evre \u00fczerinde daha b\u00fcy\u00fck bir karbon ayak izi b\u0131rakabilir. Ayr\u0131ca, do\u011fal kaynaklar\u0131n t\u00fckenmesine de neden olabilir.<br><br>\nGeri D\u00f6n\u00fc\u015ft\u00fcr\u00fclm\u00fc\u015f Polyester Elyaf: <br><br>At\u0131klar\u0131n geri kazan\u0131lmas\u0131 sayesinde, \u00e7evresel etkisi daha d\u00fc\u015f\u00fckt\u00fcr. Enerji ve su t\u00fcketimi, virjin polyester \u00fcretimine g\u00f6re genellikle daha d\u00fc\u015f\u00fckt\u00fcr.<br><br>\nDayan\u0131kl\u0131l\u0131k ve Performans:<br><br>\n\nVirjin Polyester Elyaf: Y\u00fcksek dayan\u0131kl\u0131l\u0131k, elastikiyet ve uzun \u00f6m\u00fcrl\u00fc performans sunar. Genellikle daha temiz ve homojen yap\u0131da oldu\u011fu i\u00e7in kalite a\u00e7\u0131s\u0131ndan bir avantaj sa\u011flayabilir.<br><br>\nGeri D\u00f6n\u00fc\u015ft\u00fcr\u00fclm\u00fc\u015f Polyester Elyaf: <br><br>Genellikle virjin polyester ile benzer performans sergileyebilir, ancak kalite kontrol ve i\u015fleme s\u00fcre\u00e7lerine ba\u011fl\u0131 olarak, baz\u0131 geri d\u00f6n\u00fc\u015ft\u00fcr\u00fclm\u00fc\u015f elyaflar daha d\u00fc\u015f\u00fck mukavemet veya dayan\u0131kl\u0131l\u0131\u011fa sahip olabilir.<br><br>\nMaliyet ve Fiyat:<br><br>\n\nVirjin Polyester Elyaf: \u00dcretim s\u00fcreci genellikle daha pahal\u0131d\u0131r \u00e7\u00fcnk\u00fc do\u011fal kaynaklardan tedarik edilen ham maddelere ihtiya\u00e7 vard\u0131r.<br><br>\nGeri D\u00f6n\u00fc\u015ft\u00fcr\u00fclm\u00fc\u015f Polyester Elyaf: \u00dcretim maliyetleri genellikle daha d\u00fc\u015f\u00fck olabilir, \u00e7\u00fcnk\u00fc eski polyester \u00fcr\u00fcnleri veya at\u0131klardan elde edilerek daha ucuz hammadde sa\u011flan\u0131r.\n<br><br>Sonu\u00e7:<br><br>\nVirjin polyester elyaf, y\u00fcksek kalite ve dayan\u0131kl\u0131l\u0131k sa\u011flasa da, \u00e7evresel etkiler a\u00e7\u0131s\u0131ndan geri d\u00f6n\u00fc\u015ft\u00fcr\u00fclm\u00fc\u015f polyester elyaf daha s\u00fcrd\u00fcr\u00fclebilir bir alternatif sunmaktad\u0131r. Hangi t\u00fcr\u00fcn kullan\u0131laca\u011f\u0131, \u00fcretim s\u00fcrecinin hedeflerine, \u00e7evre sorumlulu\u011funa ve maliyet gereksinimlerine ba\u011fl\u0131d\u0131r.<\/p>\n<\/div><\/div><div id=\"1457754770491-12976180-0701\" class=\"vc_do_toggle vc_toggle vc_toggle_default vc_toggle_color_default  vc_toggle_size_md   last-child\"><div class=\"vc_toggle_title\"><h4>7. Virjin polyester Elyaf Di\u011fer Elyaf T\u00fcrleri ile Kar\u0131\u015ft\u0131r\u0131labilir mi?<\/h4><i class=\"vc_toggle_icon\"><\/i><\/div><div class=\"vc_toggle_content\"><p>Evet, virjin polyester elyaf, di\u011fer elyaflarla kolayca kar\u0131\u015ft\u0131r\u0131labilir. Bu, elyaf\u0131n \u00e7ok y\u00f6nl\u00fcl\u00fc\u011f\u00fcn\u00fc ve farkl\u0131 uygulamalar i\u00e7in \u00f6zelle\u015ftirilebilmesini sa\u011flar. <br><br>\u0130\u015fte virjin polyester elyaf\u0131n kar\u0131\u015ft\u0131r\u0131labilece\u011fi baz\u0131 yayg\u0131n elyaf t\u00fcrleri:\n\nPamuk: <br><br>Virjin polyester, pamukla kar\u0131\u015ft\u0131r\u0131ld\u0131\u011f\u0131nda, kuma\u015f\u0131n dayan\u0131kl\u0131l\u0131\u011f\u0131n\u0131 art\u0131r\u0131r ve k\u0131r\u0131\u015f\u0131kl\u0131k direncini geli\u015ftirir. Bu kar\u0131\u015f\u0131m, giyim ve ev tekstilinde yayg\u0131n olarak kullan\u0131l\u0131r.<br><br>\n\nY\u00fcn: <br><br>Y\u00fcnle kar\u0131\u015ft\u0131r\u0131ld\u0131\u011f\u0131nda, polyesterin dayan\u0131kl\u0131l\u0131\u011f\u0131 ve \u015fekil koruma \u00f6zellikleri y\u00fcn\u00fcn do\u011fal \u0131s\u0131 yal\u0131t\u0131m\u0131yla birle\u015fir. Bu, s\u0131cak tutan ve rahat kuma\u015flar\u0131n \u00fcretiminde kullan\u0131l\u0131r.<br><br>\n\nNaylon: <br><br>Polyester ve naylon kar\u0131\u015f\u0131mlar\u0131, elastikiyet, dayan\u0131kl\u0131l\u0131k ve p\u00fcr\u00fczs\u00fcz bir y\u00fczey sa\u011flar. Bu kar\u0131\u015f\u0131mlar, \u00f6zellikle spor giyim ve d\u0131\u015f giyim \u00fcr\u00fcnlerinde kullan\u0131l\u0131r.<br><br>\n\nElastan: <br><br>Elastanla kar\u0131\u015ft\u0131r\u0131ld\u0131\u011f\u0131nda, polyesterin esnekli\u011fi artar ve kuma\u015flar daha rahat hale gelir. Bu, aktif giyim ve spor k\u0131yafetlerinde yayg\u0131n bir kombinasyondur.\n<br><br>\nAkrilik: <br><br>Virjin polyester, akrilik elyaflarla kar\u0131\u015ft\u0131r\u0131ld\u0131\u011f\u0131nda, hem s\u0131cak tutma hem de dayan\u0131kl\u0131l\u0131k sa\u011flan\u0131r. Bu kar\u0131\u015f\u0131mlar, \u00f6zellikle ev tekstilinde kullan\u0131l\u0131r.\n\nSonu\u00e7 olarak, virjin polyester elyaf, farkl\u0131 elyaflarla kar\u0131\u015ft\u0131r\u0131larak, kuma\u015flar\u0131n performans \u00f6zelliklerini \u00f6zelle\u015ftirmek ve istenen sonu\u00e7lar\u0131 elde etmek i\u00e7in geni\u015f bir esneklik sunar.<\/p>\n<\/div><\/div><div  class=\"vc_do_toggle vc_toggle vc_toggle_default vc_toggle_color_default  vc_toggle_size_md   last-child\"><div class=\"vc_toggle_title\"><h4>8. Firman\u0131zdan Virjin Polyester Elyaf nas\u0131l sat\u0131n alabilirim?<\/h4><i class=\"vc_toggle_icon\"><\/i><\/div><div class=\"vc_toggle_content\"><p>Virjin polyester elyaf sat\u0131n almak i\u00e7in l\u00fctfen sat\u0131\u015f ekibimizle sales@polyesterstaplefiber.com adresinden ileti\u015fime ge\u00e7in. Sizin \u00f6zel ihtiya\u00e7lar\u0131n\u0131z\u0131 g\u00f6r\u00fc\u015fmek ve size rekabet\u00e7i bir teklif sunmak i\u00e7in memnuniyetle yard\u0131mc\u0131 olaca\u011f\u0131z.<\/p>\n<\/div><\/div><div  class=\"vc_do_toggle vc_toggle vc_toggle_default vc_toggle_color_default  vc_toggle_size_md   last-child\"><div class=\"vc_toggle_title\"><h4>9. Virjin Polyester Elyaf \u0130\u00e7in \u00d6zelle\u015ftirme Se\u00e7enekleri Sunuyor Musunuz?<\/h4><i class=\"vc_toggle_icon\"><\/i><\/div><div class=\"vc_toggle_content\"><p>Evet, sunclover\u00ae olarak, virjin polyester elyaf\u0131n\u0131z\u0131 ihtiya\u00e7lar\u0131n\u0131za g\u00f6re \u00f6zelle\u015ftirme se\u00e7enekleri sunuyoruz. <br><br>M\u00fc\u015fterilerimizin \u00f6zel talepleri do\u011frultusunda, a\u015fa\u011f\u0131daki \u00f6zelle\u015ftirme se\u00e7enekleri ile \u00fcr\u00fcnlerinizi daha verimli ve amac\u0131na uygun hale getirebiliriz:<br><br>\n\nDenye ve Kesim Uzunluklar\u0131: <br><br>Farkl\u0131 denye se\u00e7enekleri ve istenilen uzunlukta kesim yaparak, \u00fcr\u00fcn\u00fcn\u00fcz\u00fcn performans\u0131n\u0131 art\u0131rabiliriz.<br><br>\nY\u00fczey \u0130\u015flemleri: <br><br>Silikonlu, silikonsuz veya di\u011fer performans y\u00fczey i\u015flemleri ile elyaf\u0131n \u00f6zelliklerini geli\u015ftirebiliriz.<br><br>\nRenk Se\u00e7enekleri:<br><br> \u0130stedi\u011finiz renk se\u00e7enekleri ile polyester elyaf\u0131n\u0131z\u0131 \u00f6zelle\u015ftirerek, estetik gereksinimlerinize uygun hale getirebiliriz.<br><br>\nKar\u0131\u015f\u0131m Se\u00e7enekleri: <br><br>Polyester elyaf\u0131n\u0131z\u0131, di\u011fer elyaflarla (pamuk, naylon, elastan vb.) kar\u0131\u015ft\u0131rarak, belirli uygulamalar i\u00e7in uygun hale getirebiliriz.<br><br>\n\u00d6zel Performans \u00d6zellikleri: <br><br>Is\u0131 yal\u0131t\u0131m\u0131, nem y\u00f6netimi ve dayan\u0131kl\u0131l\u0131k gibi \u00f6zel performans \u00f6zellikleri ekleyebiliriz.<br><br>\nBize taleplerinizi iletti\u011finizde, \u00f6zel gereksinimlerinize g\u00f6re en uygun \u00e7\u00f6z\u00fcm\u00fc sunmaktan memnuniyet duyar\u0131z.<\/p>\n<\/div><\/div><div  class=\"vc_do_toggle vc_toggle vc_toggle_default vc_toggle_color_default  vc_toggle_size_md   last-child\"><div class=\"vc_toggle_title\"><h4>10. Nakliye ve Teslimat Se\u00e7eneklerimiz Nelerdir..<\/h4><i class=\"vc_toggle_icon\"><\/i><\/div><div class=\"vc_toggle_content\"><p>Uluslararas\u0131 Nakliye:<br><br>\nK\u00fcresel tedarik zincirimiz sayesinde, polyester elyaflar\u0131n\u0131z d\u00fcnya \u00e7ap\u0131nda g\u00fcvenli bir \u015fekilde teslim edilir. Farkl\u0131 ta\u015f\u0131ma y\u00f6ntemleriyle \u00fcr\u00fcnlerinizi en uygun \u015fekilde g\u00f6nderebiliriz.<br><br>\n\nDeniz Yolu Ta\u015f\u0131mac\u0131l\u0131\u011f\u0131:<br><br>\n40 ft konteynerlerle b\u00fcy\u00fck hacimli g\u00f6nderimler i\u00e7in deniz yolu ta\u015f\u0131mac\u0131l\u0131\u011f\u0131na ba\u015fvuruyoruz. Bu se\u00e7enek, maliyet etkin ve b\u00fcy\u00fck miktarlarda \u00fcr\u00fcn g\u00f6nderimi i\u00e7in uygundur.\n\nHava Yolu Ta\u015f\u0131mac\u0131l\u0131\u011f\u0131:<br><br>\nDaha h\u0131zl\u0131 teslimat isteyen m\u00fc\u015fterilerimiz i\u00e7in hava yolu ta\u015f\u0131mac\u0131l\u0131\u011f\u0131 sunuyoruz. Bu se\u00e7enek, acil teslimatlar ve daha k\u00fc\u00e7\u00fck hacimli sipari\u015fler i\u00e7in idealdir.\n\nKara Yolu Ta\u015f\u0131mac\u0131l\u0131\u011f\u0131:<br><br>\nYerel teslimatlar ve b\u00f6lgesel sipari\u015fler i\u00e7in kara yolu ta\u015f\u0131mac\u0131l\u0131\u011f\u0131 sa\u011fl\u0131yoruz. T\u00fcrkiye i\u00e7indeki teslimatlar h\u0131zl\u0131 ve g\u00fcvenli bir \u015fekilde ger\u00e7ekle\u015ftirilir.\n\n\u00d6zel Teslimat D\u00fczenlemeleri:<br><br>\nM\u00fc\u015fterilerimizin \u00f6zel taleplerine g\u00f6re, esnek teslimat se\u00e7enekleri sunarak, teslimat tarihlerini ve noktalar\u0131n\u0131 \u00f6zelle\u015ftirebiliriz.\n\nTeslimat S\u00fcreleri:<br><br>\nTeslimat s\u00fcreleri, ta\u015f\u0131ma y\u00f6ntemine, sipari\u015f hacmine ve var\u0131\u015f noktas\u0131na g\u00f6re de\u011fi\u015fiklik g\u00f6sterebilir. Ancak, her zaman zaman\u0131nda teslimat garantisi veriyoruz.<br><br>\n\n\u0130zleme ve Durum Bilgisi:<br><br>\nT\u00fcm sipari\u015flerinizin durumunu \u00e7evrimi\u00e7i olarak takip edebilirsiniz. Teslimat s\u0131ras\u0131nda herhangi bir sorun olmas\u0131 durumunda, destek ekibimiz her zaman yan\u0131n\u0131zdad\u0131r.<br><br>\n\nHerhangi bir \u00f6zel teslimat talebiniz veya sorunuz varsa, bizimle ileti\u015fime ge\u00e7mekten \u00e7ekinmeyin!<\/p>\n<\/div><\/div><div  class=\"vc_do_toggle vc_toggle vc_toggle_default vc_toggle_color_default  vc_toggle_size_md   last-child\"><div class=\"vc_toggle_title\"><h4>11. G\u00fcmr\u00fckleme ve \u0130\u00e7 Nakliye Opsiyonlar\u0131n\u0131z Var m\u0131?<\/h4><i class=\"vc_toggle_icon\"><\/i><\/div><div class=\"vc_toggle_content\"><p>Evet, lojistik s\u00fcre\u00e7lerinin sorunsuz olmas\u0131n\u0131n, m\u00fc\u015fterilerimizin operasyonlar\u0131 i\u00e7in ne kadar \u00f6nemli oldu\u011funu biliyoruz. Kapsaml\u0131 hizmet yelpazemizin bir par\u00e7as\u0131 olarak, \u00f6zel g\u00fcmr\u00fckleme ve teslimat \u00e7\u00f6z\u00fcmleri sunuyoruz, bu \u00e7\u00f6z\u00fcmler tamamen sizin \u00f6zel ihtiya\u00e7lar\u0131n\u0131za g\u00f6re uyarlanm\u0131\u015ft\u0131r. Deneyimli lojistik ekibimiz, verimli g\u00fcmr\u00fckleme s\u00fcre\u00e7lerini garanti eder, gerekli t\u00fcm evraklar\u0131 ve d\u00fczenlemeleri ele alarak sipari\u015finizin teslimat\u0131n\u0131 h\u0131zland\u0131r\u0131r.<br><br>\n\nAyr\u0131ca, \u00f6zel \u00f6demeli teslimat se\u00e7enekleri sunarak, nakliye s\u00fcrecini kolayla\u015ft\u0131rman\u0131za ve maliyetleri etkili bir \u015fekilde y\u00f6netmenize olanak tan\u0131yoruz. \u0130ster kap\u0131dan kap\u0131ya teslimat talep edin, ister kendi lojistik i\u015f ortaklar\u0131n\u0131zla koordinasyon sa\u011flamay\u0131 tercih edin, ihtiya\u00e7lar\u0131n\u0131za uygun esnek ve g\u00fcvenilir nakliye \u00e7\u00f6z\u00fcmleri sunmaya kararl\u0131y\u0131z.<\/p>\n<\/div><\/div><div  class=\"vc_do_toggle vc_toggle vc_toggle_default vc_toggle_color_default  vc_toggle_size_md   last-child\"><div class=\"vc_toggle_title\"><h4>12.. Daha Fazla Bilgiye Nas\u0131l Ula\u015f\u0131r\u0131m?<\/h4><i class=\"vc_toggle_icon\"><\/i><\/div><div class=\"vc_toggle_content\"><p>Herhangi bir sorunuz varsa veya yard\u0131ma ihtiyac\u0131n\u0131z olursa, l\u00fctfen destek ekibimizle support@polyesterstaplefiber.com adresinden ileti\u015fime ge\u00e7mekten \u00e7ekinmeyin. Yard\u0131mc\u0131 olmak ve ihtiya\u00e7 duydu\u011funuz bilgileri sa\u011flamak i\u00e7in buraday\u0131z.<\/p>\n<\/div><\/div><\/div><\/div><\/div><\/div><\/div><\/div><\/div>\n<\/div>","protected":false},"excerpt":{"rendered":"Frequently Asked Questions Virgin polyester staple fiber offers a plethora of benefits that make it a preferred choice across various industries. Firstly, its exceptional durability and strength ensure longevity in end products, making it ideal for applications where resilience is paramount, such as in automotive upholstery or outdoor textiles. Additionally, virgin polyester staple fiber boasts [...]","protected":false},"author":1,"featured_media":0,"parent":0,"menu_order":0,"comment_status":"closed","ping_status":"closed","template":"","meta":{"footnotes":""},"class_list":["post-4146","page","type-page","status-publish","hentry"],"_links":{"self":[{"href":"https:\/\/polyesterstaplefiber.com\/tr\/wp-json\/wp\/v2\/pages\/4146","targetHints":{"allow":["GET"]}}],"collection":[{"href":"https:\/\/polyesterstaplefiber.com\/tr\/wp-json\/wp\/v2\/pages"}],"about":[{"href":"https:\/\/polyesterstaplefiber.com\/tr\/wp-json\/wp\/v2\/types\/page"}],"author":[{"embeddable":true,"href":"https:\/\/polyesterstaplefiber.com\/tr\/wp-json\/wp\/v2\/users\/1"}],"replies":[{"embeddable":true,"href":"https:\/\/polyesterstaplefiber.com\/tr\/wp-json\/wp\/v2\/comments?post=4146"}],"version-history":[{"count":17,"href":"https:\/\/polyesterstaplefiber.com\/tr\/wp-json\/wp\/v2\/pages\/4146\/revisions"}],"predecessor-version":[{"id":4984,"href":"https:\/\/polyesterstaplefiber.com\/tr\/wp-json\/wp\/v2\/pages\/4146\/revisions\/4984"}],"wp:attachment":[{"href":"https:\/\/polyesterstaplefiber.com\/tr\/wp-json\/wp\/v2\/media?parent=4146"}],"curies":[{"name":"wp","href":"https:\/\/api.w.org\/{rel}","templated":true}]}}