{"id":4086,"date":"2024-03-17T12:43:57","date_gmt":"2024-03-17T12:43:57","guid":{"rendered":"https:\/\/polyesterstaplefiber.com\/?page_id=4086"},"modified":"2024-11-25T22:09:59","modified_gmt":"2024-11-25T22:09:59","slug":"virgin-polyester-staple-fiber","status":"publish","type":"page","link":"https:\/\/polyesterstaplefiber.com\/tr\/virgin-polyester-staple-fiber\/","title":{"rendered":"Virjin Polyester Elyaf"},"content":{"rendered":"<div class=\"wpb-content-wrapper\"><div class=\"vc_wpb_row_inner\"><div class=\"vc_row wpb_row vc_row-fluid padding-medium row-container\"><div class=\"container\"><div class=\"row\"><div class=\"wpb_column vc_column_container vc_col-sm-12\"><div class=\"vc_column-inner\"><div class=\"wpb_wrapper\">\r\n<div class=\"widget gsc-heading  align-center style-default text-dark\">\r\n   <div class=\"sub-title\"><span>PTA &amp; MEG<\/span><\/div>   <h2 class=\"title\"><span>Virjin Polyester Elyaf<\/span><\/h2>   <div class=\"line\"><span><\/span><\/div>\r\n   <div class=\"title-desc\">Gelece\u011fi s\u00fcrd\u00fcr\u00fclebilir hale getirmek i\u00e7in.<\/div><\/div>\r\n<div class=\"vc_row wpb_row vc_inner vc_row-fluid\"><div class=\"wpb_column vc_column_container vc_col-sm-6\"><div class=\"vc_column-inner\"><div class=\"wpb_wrapper\">\r\n      <div class=\"widget gsc-icon-box text-dark top-center  margin-bottom-1\" >\r\n      \r\n      <div class=\"highlight_content\">\r\n        <div class=\"title\">\r\n                      1.2 Denye                  <\/div>\r\n           \r\n      <\/div>\r\n\r\n          <\/div> \r\n     \r\n\r\n  <\/div><\/div><\/div><div class=\"wpb_column vc_column_container vc_col-sm-6\"><div class=\"vc_column-inner\"><div class=\"wpb_wrapper\">\r\n      <div class=\"widget gsc-icon-box text-dark top-center  margin-bottom-1\" >\r\n      \r\n      <div class=\"highlight_content\">\r\n        <div class=\"title\">\r\n                      1.4 Denye                  <\/div>\r\n           \r\n      <\/div>\r\n\r\n          <\/div> \r\n     \r\n\r\n  <\/div><\/div><\/div><\/div><div class=\"vc_row wpb_row vc_inner vc_row-fluid\"><div class=\"wpb_column vc_column_container vc_col-sm-4\"><div class=\"vc_column-inner\"><div class=\"wpb_wrapper\">\r\n      <div class=\"widget gsc-icon-box text-dark top-center  margin-bottom-1\" >\r\n      \r\n      <div class=\"highlight_content\">\r\n        <div class=\"title\">\r\n                      32 mm.                  <\/div>\r\n           \r\n      <\/div>\r\n\r\n          <\/div> \r\n     \r\n\r\n  <\/div><\/div><\/div><div class=\"wpb_column vc_column_container vc_col-sm-4\"><div class=\"vc_column-inner\"><div class=\"wpb_wrapper\">\r\n      <div class=\"widget gsc-icon-box text-dark top-center  margin-bottom-1\" >\r\n      \r\n      <div class=\"highlight_content\">\r\n        <div class=\"title\">\r\n                      38 mm.                  <\/div>\r\n           \r\n      <\/div>\r\n\r\n          <\/div> \r\n     \r\n\r\n  <\/div><\/div><\/div><div class=\"wpb_column vc_column_container vc_col-sm-4\"><div class=\"vc_column-inner\"><div class=\"wpb_wrapper\">\r\n      <div class=\"widget gsc-icon-box text-dark top-center  margin-bottom-1\" >\r\n      \r\n      <div class=\"highlight_content\">\r\n        <div class=\"title\">\r\n                      51 mm.                  <\/div>\r\n           \r\n      <\/div>\r\n\r\n          <\/div> \r\n     \r\n\r\n  <\/div><\/div><\/div><\/div><div class=\"vc_separator wpb_content_element vc_separator_align_center vc_sep_width_100 vc_sep_border_width_3 vc_sep_pos_align_center vc_separator_no_text vc_sep_color_grey wpb_content_element  wpb_content_element\" ><span class=\"vc_sep_holder vc_sep_holder_l\"><span class=\"vc_sep_line\"><\/span><\/span><span class=\"vc_sep_holder vc_sep_holder_r\"><span class=\"vc_sep_line\"><\/span><\/span>\n<\/div><div class=\"vc_row wpb_row vc_inner vc_row-fluid\"><div class=\"wpb_column vc_column_container vc_col-sm-4\"><div class=\"vc_column-inner\"><div class=\"wpb_wrapper\"><h1 style=\"text-align: left\" class=\"vc_custom_heading vc_do_custom_heading\" >Siyah<\/h1>\n\t<div  class=\"wpb_single_image wpb_content_element vc_align_center wpb_content_element\">\n\t\t\n\t\t<figure class=\"wpb_wrapper vc_figure\">\n\t\t\t<a href=\"https:\/\/polyesterstaplefiber.com\/wp-content\/uploads\/2023\/11\/psf-black-01.png\" target=\"_self\" class=\"vc_single_image-wrapper vc_box_rounded  vc_box_border_grey\"><img decoding=\"async\" class=\"vc_single_image-img\" src=\"https:\/\/polyesterstaplefiber.com\/wp-content\/uploads\/2023\/11\/psf-black-01-300x300.png\" width=\"300\" height=\"300\" alt=\"\" title=\"\" loading=\"lazy\" \/><\/a>\n\t\t<\/figure>\n\t<\/div>\n<h1 style=\"text-align: left\" class=\"vc_custom_heading vc_do_custom_heading\" >Mor<\/h1>\n\t<div  class=\"wpb_single_image wpb_content_element vc_align_center wpb_content_element\">\n\t\t\n\t\t<figure class=\"wpb_wrapper vc_figure\">\n\t\t\t<a href=\"https:\/\/polyesterstaplefiber.com\/wp-content\/uploads\/2023\/11\/psf-purple-02.png\" target=\"_self\" class=\"vc_single_image-wrapper vc_box_rounded  vc_box_border_grey\"><img decoding=\"async\" class=\"vc_single_image-img\" src=\"https:\/\/polyesterstaplefiber.com\/wp-content\/uploads\/2023\/11\/psf-purple-02-300x300.png\" width=\"300\" height=\"300\" alt=\"\" title=\"\" loading=\"lazy\" \/><\/a>\n\t\t<\/figure>\n\t<\/div>\n<h1 style=\"text-align: left\" class=\"vc_custom_heading vc_do_custom_heading\" >Koyu Mavi<\/h1>\n\t<div  class=\"wpb_single_image wpb_content_element vc_align_center wpb_content_element\">\n\t\t\n\t\t<figure class=\"wpb_wrapper vc_figure\">\n\t\t\t<a href=\"https:\/\/polyesterstaplefiber.com\/wp-content\/uploads\/2023\/11\/psf-blue-01.png\" target=\"_self\" class=\"vc_single_image-wrapper vc_box_rounded  vc_box_border_grey\"><img decoding=\"async\" class=\"vc_single_image-img\" src=\"https:\/\/polyesterstaplefiber.com\/wp-content\/uploads\/2023\/11\/psf-blue-01-300x300.png\" width=\"300\" height=\"300\" alt=\"\" title=\"\" loading=\"lazy\" \/><\/a>\n\t\t<\/figure>\n\t<\/div>\n<h1 style=\"text-align: left\" class=\"vc_custom_heading vc_do_custom_heading\" >Sar\u0131<\/h1>\n\t<div  class=\"wpb_single_image wpb_content_element vc_align_center wpb_content_element\">\n\t\t\n\t\t<figure class=\"wpb_wrapper vc_figure\">\n\t\t\t<a href=\"https:\/\/polyesterstaplefiber.com\/wp-content\/uploads\/2023\/11\/psf-yellow-01.png\" target=\"_self\" class=\"vc_single_image-wrapper vc_box_rounded  vc_box_border_grey\"><img decoding=\"async\" class=\"vc_single_image-img\" src=\"https:\/\/polyesterstaplefiber.com\/wp-content\/uploads\/2023\/11\/psf-yellow-01-300x300.png\" width=\"300\" height=\"300\" alt=\"\" title=\"\" loading=\"lazy\" \/><\/a>\n\t\t<\/figure>\n\t<\/div>\n<h1 style=\"text-align: left\" class=\"vc_custom_heading vc_do_custom_heading\" >Pembe<\/h1>\n\t<div  class=\"wpb_single_image wpb_content_element vc_align_center wpb_content_element\">\n\t\t\n\t\t<figure class=\"wpb_wrapper vc_figure\">\n\t\t\t<a href=\"https:\/\/polyesterstaplefiber.com\/wp-content\/uploads\/2023\/11\/psf-pink-02.png\" target=\"_self\" class=\"vc_single_image-wrapper vc_box_rounded  vc_box_border_grey\"><img decoding=\"async\" class=\"vc_single_image-img\" src=\"https:\/\/polyesterstaplefiber.com\/wp-content\/uploads\/2023\/11\/psf-pink-02-300x300.png\" width=\"300\" height=\"300\" alt=\"\" title=\"\" loading=\"lazy\" \/><\/a>\n\t\t<\/figure>\n\t<\/div>\n<\/div><\/div><\/div><div class=\"wpb_column vc_column_container vc_col-sm-4\"><div class=\"vc_column-inner\"><div class=\"wpb_wrapper\"><h1 style=\"text-align: left\" class=\"vc_custom_heading vc_do_custom_heading\" >Ham Beyaz &amp; Beyaz<\/h1>\n\t<div  class=\"wpb_single_image wpb_content_element vc_align_center wpb_content_element\">\n\t\t\n\t\t<figure class=\"wpb_wrapper vc_figure\">\n\t\t\t<a href=\"https:\/\/polyesterstaplefiber.com\/wp-content\/uploads\/2023\/11\/psf-white-01.png\" target=\"_self\" class=\"vc_single_image-wrapper vc_box_rounded  vc_box_border_grey\"><img decoding=\"async\" class=\"vc_single_image-img\" src=\"https:\/\/polyesterstaplefiber.com\/wp-content\/uploads\/2023\/11\/psf-white-01-300x300.png\" width=\"300\" height=\"300\" alt=\"\" title=\"\" loading=\"lazy\" \/><\/a>\n\t\t<\/figure>\n\t<\/div>\n<h1 style=\"text-align: left\" class=\"vc_custom_heading vc_do_custom_heading\" >Ye\u015fil<\/h1>\n\t<div  class=\"wpb_single_image wpb_content_element vc_align_center wpb_content_element\">\n\t\t\n\t\t<figure class=\"wpb_wrapper vc_figure\">\n\t\t\t<a href=\"https:\/\/polyesterstaplefiber.com\/wp-content\/uploads\/2023\/11\/psf-green-grass-01.png\" target=\"_self\" class=\"vc_single_image-wrapper vc_box_rounded  vc_box_border_grey\"><img decoding=\"async\" class=\"vc_single_image-img\" src=\"https:\/\/polyesterstaplefiber.com\/wp-content\/uploads\/2023\/11\/psf-green-grass-01-300x300.png\" width=\"300\" height=\"300\" alt=\"psf-green-grass-01\" title=\"psf-green-grass-01\" loading=\"lazy\" \/><\/a>\n\t\t<\/figure>\n\t<\/div>\n<h1 style=\"text-align: left\" class=\"vc_custom_heading vc_do_custom_heading\" >Gri<\/h1>\n\t<div  class=\"wpb_single_image wpb_content_element vc_align_center wpb_content_element\">\n\t\t\n\t\t<figure class=\"wpb_wrapper vc_figure\">\n\t\t\t<a href=\"https:\/\/polyesterstaplefiber.com\/wp-content\/uploads\/2023\/11\/psf-gray-01.png\" target=\"_self\" class=\"vc_single_image-wrapper vc_box_rounded  vc_box_border_grey\"><img decoding=\"async\" class=\"vc_single_image-img\" src=\"https:\/\/polyesterstaplefiber.com\/wp-content\/uploads\/2023\/11\/psf-gray-01-300x300.png\" width=\"300\" height=\"300\" alt=\"\" title=\"\" loading=\"lazy\" \/><\/a>\n\t\t<\/figure>\n\t<\/div>\n<h1 style=\"text-align: left\" class=\"vc_custom_heading vc_do_custom_heading\" >Kahve<\/h1>\n\t<div  class=\"wpb_single_image wpb_content_element vc_align_center wpb_content_element\">\n\t\t\n\t\t<figure class=\"wpb_wrapper vc_figure\">\n\t\t\t<a href=\"https:\/\/polyesterstaplefiber.com\/wp-content\/uploads\/2023\/11\/psf-brown-03.png\" target=\"_self\" class=\"vc_single_image-wrapper vc_box_rounded  vc_box_border_grey\"><img decoding=\"async\" class=\"vc_single_image-img\" src=\"https:\/\/polyesterstaplefiber.com\/wp-content\/uploads\/2023\/11\/psf-brown-03-300x300.png\" width=\"300\" height=\"300\" alt=\"\" title=\"\" loading=\"lazy\" \/><\/a>\n\t\t<\/figure>\n\t<\/div>\n<h1 style=\"text-align: left\" class=\"vc_custom_heading vc_do_custom_heading\" >Zeytin<\/h1>\n\t<div  class=\"wpb_single_image wpb_content_element vc_align_center wpb_content_element\">\n\t\t\n\t\t<figure class=\"wpb_wrapper vc_figure\">\n\t\t\t<a href=\"https:\/\/polyesterstaplefiber.com\/wp-content\/uploads\/2023\/11\/psf-brown-01.png\" target=\"_self\" class=\"vc_single_image-wrapper vc_box_rounded  vc_box_border_grey\"><img decoding=\"async\" class=\"vc_single_image-img\" src=\"https:\/\/polyesterstaplefiber.com\/wp-content\/uploads\/2023\/11\/psf-brown-01-300x300.png\" width=\"300\" height=\"300\" alt=\"\" title=\"\" loading=\"lazy\" \/><\/a>\n\t\t<\/figure>\n\t<\/div>\n<\/div><\/div><\/div><div class=\"wpb_column vc_column_container vc_col-sm-4\"><div class=\"vc_column-inner\"><div class=\"wpb_wrapper\"><h1 style=\"text-align: left\" class=\"vc_custom_heading vc_do_custom_heading\" >K\u0131rm\u0131z\u0131<\/h1>\n\t<div  class=\"wpb_single_image wpb_content_element vc_align_center wpb_content_element\">\n\t\t\n\t\t<figure class=\"wpb_wrapper vc_figure\">\n\t\t\t<a href=\"https:\/\/polyesterstaplefiber.com\/wp-content\/uploads\/2023\/11\/psf-red-02.png\" target=\"_self\" class=\"vc_single_image-wrapper vc_box_rounded  vc_box_border_grey\"><img decoding=\"async\" class=\"vc_single_image-img\" src=\"https:\/\/polyesterstaplefiber.com\/wp-content\/uploads\/2023\/11\/psf-red-02-300x300.png\" width=\"300\" height=\"300\" alt=\"\" title=\"\" loading=\"lazy\" \/><\/a>\n\t\t<\/figure>\n\t<\/div>\n<h1 style=\"text-align: left\" class=\"vc_custom_heading vc_do_custom_heading\" >A\u00e7\u0131k Mavi<\/h1>\n\t<div  class=\"wpb_single_image wpb_content_element vc_align_center wpb_content_element\">\n\t\t\n\t\t<figure class=\"wpb_wrapper vc_figure\">\n\t\t\t<a href=\"https:\/\/polyesterstaplefiber.com\/wp-content\/uploads\/2023\/11\/psf-tow-blue-light-01.png\" target=\"_self\" class=\"vc_single_image-wrapper vc_box_rounded  vc_box_border_grey\"><img decoding=\"async\" class=\"vc_single_image-img\" src=\"https:\/\/polyesterstaplefiber.com\/wp-content\/uploads\/2023\/11\/psf-tow-blue-light-01-300x300.png\" width=\"300\" height=\"300\" alt=\"psf-tow-blue-light-01\" title=\"psf-tow-blue-light-01\" loading=\"lazy\" \/><\/a>\n\t\t<\/figure>\n\t<\/div>\n<h1 style=\"text-align: left\" class=\"vc_custom_heading vc_do_custom_heading\" >A\u00e7\u0131k Sar\u0131<\/h1>\n\t<div  class=\"wpb_single_image wpb_content_element vc_align_center wpb_content_element\">\n\t\t\n\t\t<figure class=\"wpb_wrapper vc_figure\">\n\t\t\t<a href=\"https:\/\/polyesterstaplefiber.com\/wp-content\/uploads\/2023\/11\/psf-yellow-02.png\" target=\"_self\" class=\"vc_single_image-wrapper vc_box_rounded  vc_box_border_grey\"><img decoding=\"async\" class=\"vc_single_image-img\" src=\"https:\/\/polyesterstaplefiber.com\/wp-content\/uploads\/2023\/11\/psf-yellow-02-300x300.png\" width=\"300\" height=\"300\" alt=\"\" title=\"\" loading=\"lazy\" \/><\/a>\n\t\t<\/figure>\n\t<\/div>\n<h1 style=\"text-align: left\" class=\"vc_custom_heading vc_do_custom_heading\" >Kestane<\/h1>\n\t<div  class=\"wpb_single_image wpb_content_element vc_align_center wpb_content_element\">\n\t\t\n\t\t<figure class=\"wpb_wrapper vc_figure\">\n\t\t\t<a href=\"https:\/\/polyesterstaplefiber.com\/wp-content\/uploads\/2023\/11\/psf-bordeoaux-02.png\" target=\"_self\" class=\"vc_single_image-wrapper vc_box_rounded  vc_box_border_grey\"><img decoding=\"async\" class=\"vc_single_image-img\" src=\"https:\/\/polyesterstaplefiber.com\/wp-content\/uploads\/2023\/11\/psf-bordeoaux-02-300x300.png\" width=\"300\" height=\"300\" alt=\"\" title=\"\" loading=\"lazy\" \/><\/a>\n\t\t<\/figure>\n\t<\/div>\n<h1 style=\"text-align: left\" class=\"vc_custom_heading vc_do_custom_heading\" >Deve T\u00fcy\u00fc<\/h1>\n\t<div  class=\"wpb_single_image wpb_content_element vc_align_center wpb_content_element\">\n\t\t\n\t\t<figure class=\"wpb_wrapper vc_figure\">\n\t\t\t<a href=\"https:\/\/polyesterstaplefiber.com\/wp-content\/uploads\/2023\/11\/psf-brown-02.png\" target=\"_self\" class=\"vc_single_image-wrapper vc_box_rounded  vc_box_border_grey\"><img decoding=\"async\" class=\"vc_single_image-img\" src=\"https:\/\/polyesterstaplefiber.com\/wp-content\/uploads\/2023\/11\/psf-brown-02-300x300.png\" width=\"300\" height=\"300\" alt=\"\" title=\"\" loading=\"lazy\" \/><\/a>\n\t\t<\/figure>\n\t<\/div>\n<\/div><\/div><\/div><\/div><\/div><\/div><\/div><\/div><\/div><\/div><\/div><div class=\"vc_wpb_row_inner\"><div class=\"vc_row wpb_row vc_row-fluid remove_padding row-fullwidth\"><div class=\"wpb_column vc_column_container vc_col-sm-12\"><div class=\"vc_column-inner\"><div class=\"wpb_wrapper\"><\/div><\/div><\/div><\/div><\/div>\n<\/div>","protected":false},"excerpt":{"rendered":"produced by PTA &amp; MEG Virgin Polyester Staple Fiber Sustainable fibers caring future! 1.2 denier 1.4 denier 32 mm. 38 mm. 51 mm. Black Purple Dark Blue Yellow Pink Raw White &amp; White Green Gray Brown Olive Red Light Blue Light Yellow Maroon Camel","protected":false},"author":1,"featured_media":0,"parent":0,"menu_order":0,"comment_status":"closed","ping_status":"closed","template":"","meta":{"footnotes":""},"class_list":["post-4086","page","type-page","status-publish","hentry"],"_links":{"self":[{"href":"https:\/\/polyesterstaplefiber.com\/tr\/wp-json\/wp\/v2\/pages\/4086","targetHints":{"allow":["GET"]}}],"collection":[{"href":"https:\/\/polyesterstaplefiber.com\/tr\/wp-json\/wp\/v2\/pages"}],"about":[{"href":"https:\/\/polyesterstaplefiber.com\/tr\/wp-json\/wp\/v2\/types\/page"}],"author":[{"embeddable":true,"href":"https:\/\/polyesterstaplefiber.com\/tr\/wp-json\/wp\/v2\/users\/1"}],"replies":[{"embeddable":true,"href":"https:\/\/polyesterstaplefiber.com\/tr\/wp-json\/wp\/v2\/comments?post=4086"}],"version-history":[{"count":12,"href":"https:\/\/polyesterstaplefiber.com\/tr\/wp-json\/wp\/v2\/pages\/4086\/revisions"}],"predecessor-version":[{"id":4990,"href":"https:\/\/polyesterstaplefiber.com\/tr\/wp-json\/wp\/v2\/pages\/4086\/revisions\/4990"}],"wp:attachment":[{"href":"https:\/\/polyesterstaplefiber.com\/tr\/wp-json\/wp\/v2\/media?parent=4086"}],"curies":[{"name":"wp","href":"https:\/\/api.w.org\/{rel}","templated":true}]}}