{"id":4085,"date":"2024-03-17T12:50:32","date_gmt":"2024-03-17T12:50:32","guid":{"rendered":"https:\/\/polyesterstaplefiber.com\/?page_id=4085"},"modified":"2024-11-25T22:11:04","modified_gmt":"2024-11-25T22:11:04","slug":"recycled-hollow-conjugate-silicone-fiber","status":"publish","type":"page","link":"https:\/\/polyesterstaplefiber.com\/tr\/recycled-hollow-conjugate-silicone-fiber\/","title":{"rendered":"Geri D\u00f6n\u00fc\u015f\u00fcml\u00fc HCS Elyaf"},"content":{"rendered":"<div class=\"wpb-content-wrapper\"><div class=\"vc_wpb_row_inner\"><div class=\"vc_row wpb_row vc_row-fluid padding-medium row-container\"><div class=\"container\"><div class=\"row\"><div class=\"wpb_column vc_column_container vc_col-sm-12\"><div class=\"vc_column-inner\"><div class=\"wpb_wrapper\">\r\n<div class=\"widget gsc-heading  align-center style-default text-dark\">\r\n   <div class=\"sub-title\"><span>Polyester Hollow Konjuge Silikonlu Elyaf<\/span><\/div>   <h2 class=\"title\"><span>HCS Hollow Konjuge Silikonlu Elyaf<\/span><\/h2>   <div class=\"line\"><span><\/span><\/div>\r\n   <div class=\"title-desc\">Gelece\u011fi s\u00fcrd\u00fcr\u00fclebilir hale getirmek i\u00e7in.<\/div><\/div>\r\n<div class=\"vc_row wpb_row vc_inner vc_row-fluid\"><div class=\"wpb_column vc_column_container vc_col-sm-3\"><div class=\"vc_column-inner\"><div class=\"wpb_wrapper\">\r\n      <div class=\"widget gsc-icon-box text-dark top-center  margin-bottom-1\" >\r\n      \r\n      <div class=\"highlight_content\">\r\n        <div class=\"title\">\r\n                      3 denye                  <\/div>\r\n           \r\n      <\/div>\r\n\r\n          <\/div> \r\n     \r\n\r\n  <\/div><\/div><\/div><div class=\"wpb_column vc_column_container vc_col-sm-3\"><div class=\"vc_column-inner\"><div class=\"wpb_wrapper\">\r\n      <div class=\"widget gsc-icon-box text-dark top-center  margin-bottom-1\" >\r\n      \r\n      <div class=\"highlight_content\">\r\n        <div class=\"title\">\r\n                      6 denye                  <\/div>\r\n           \r\n      <\/div>\r\n\r\n          <\/div> \r\n     \r\n\r\n  <\/div><\/div><\/div><div class=\"wpb_column vc_column_container vc_col-sm-3\"><div class=\"vc_column-inner\"><div class=\"wpb_wrapper\">\r\n      <div class=\"widget gsc-icon-box text-dark top-center  margin-bottom-1\" >\r\n      \r\n      <div class=\"highlight_content\">\r\n        <div class=\"title\">\r\n                      7 denier                  <\/div>\r\n           \r\n      <\/div>\r\n\r\n          <\/div> \r\n     \r\n\r\n  <\/div><\/div><\/div><div class=\"wpb_column vc_column_container vc_col-sm-3\"><div class=\"vc_column-inner\"><div class=\"wpb_wrapper\">\r\n      <div class=\"widget gsc-icon-box text-dark top-center  margin-bottom-1\" >\r\n      \r\n      <div class=\"highlight_content\">\r\n        <div class=\"title\">\r\n                      15 denye                  <\/div>\r\n           \r\n      <\/div>\r\n\r\n          <\/div> \r\n     \r\n\r\n  <\/div><\/div><\/div><\/div><div class=\"vc_row wpb_row vc_inner vc_row-fluid\"><div class=\"wpb_column vc_column_container vc_col-sm-2\"><div class=\"vc_column-inner\"><div class=\"wpb_wrapper\">\r\n      <div class=\"widget gsc-icon-box text-dark top-center  margin-bottom-1\" >\r\n      \r\n      <div class=\"highlight_content\">\r\n        <div class=\"title\">\r\n                      32 mm.                  <\/div>\r\n           \r\n      <\/div>\r\n\r\n          <\/div> \r\n     \r\n\r\n  <\/div><\/div><\/div><div class=\"wpb_column vc_column_container vc_col-sm-2\"><div class=\"vc_column-inner\"><div class=\"wpb_wrapper\">\r\n      <div class=\"widget gsc-icon-box text-dark top-center  margin-bottom-1\" >\r\n      \r\n      <div class=\"highlight_content\">\r\n        <div class=\"title\">\r\n                      38 mm.                  <\/div>\r\n           \r\n      <\/div>\r\n\r\n          <\/div> \r\n     \r\n\r\n  <\/div><\/div><\/div><div class=\"wpb_column vc_column_container vc_col-sm-2\"><div class=\"vc_column-inner\"><div class=\"wpb_wrapper\">\r\n      <div class=\"widget gsc-icon-box text-dark top-center  margin-bottom-1\" >\r\n      \r\n      <div class=\"highlight_content\">\r\n        <div class=\"title\">\r\n                      51 mm.                  <\/div>\r\n           \r\n      <\/div>\r\n\r\n          <\/div> \r\n     \r\n\r\n  <\/div><\/div><\/div><div class=\"wpb_column vc_column_container vc_col-sm-2\"><div class=\"vc_column-inner\"><div class=\"wpb_wrapper\">\r\n      <div class=\"widget gsc-icon-box text-dark top-center  margin-bottom-1\" >\r\n      \r\n      <div class=\"highlight_content\">\r\n        <div class=\"title\">\r\n                      64 mm.                  <\/div>\r\n           \r\n      <\/div>\r\n\r\n          <\/div> \r\n     \r\n\r\n  <\/div><\/div><\/div><div class=\"wpb_column vc_column_container vc_col-sm-2\"><div class=\"vc_column-inner\"><div class=\"wpb_wrapper\">\r\n      <div class=\"widget gsc-icon-box text-dark top-center  margin-bottom-1\" >\r\n      \r\n      <div class=\"highlight_content\">\r\n        <div class=\"title\">\r\n                      76 mm.                  <\/div>\r\n           \r\n      <\/div>\r\n\r\n          <\/div> \r\n     \r\n\r\n  <\/div><\/div><\/div><div class=\"wpb_column vc_column_container vc_col-sm-2\"><div class=\"vc_column-inner\"><div class=\"wpb_wrapper\">\r\n      <div class=\"widget gsc-icon-box text-dark top-center  margin-bottom-1\" >\r\n      \r\n      <div class=\"highlight_content\">\r\n        <div class=\"title\">\r\n                      102 mm.                  <\/div>\r\n           \r\n      <\/div>\r\n\r\n          <\/div> \r\n     \r\n\r\n  <\/div><\/div><\/div><\/div><div class=\"vc_row wpb_row vc_inner vc_row-fluid\"><div class=\"wpb_column vc_column_container vc_col-sm-6\"><div class=\"vc_column-inner\"><div class=\"wpb_wrapper\"><h1 style=\"text-align: left\" class=\"vc_custom_heading vc_do_custom_heading\" >Beyaz<\/h1>\n\t<div  class=\"wpb_single_image wpb_content_element vc_align_center wpb_content_element\">\n\t\t\n\t\t<figure class=\"wpb_wrapper vc_figure\">\n\t\t\t<a href=\"https:\/\/polyesterstaplefiber.com\/wp-content\/uploads\/2024\/03\/HCS01.jpg\" target=\"_self\" class=\"vc_single_image-wrapper vc_box_rounded  vc_box_border_grey\"><img decoding=\"async\" class=\"vc_single_image-img\" src=\"https:\/\/polyesterstaplefiber.com\/wp-content\/uploads\/2024\/03\/HCS01-300x300.jpg\" width=\"300\" height=\"300\" alt=\"\" title=\"\" loading=\"lazy\" \/><\/a>\n\t\t<\/figure>\n\t<\/div>\n<\/div><\/div><\/div><div class=\"wpb_column vc_column_container vc_col-sm-6\"><div class=\"vc_column-inner\"><div class=\"wpb_wrapper\"><h1 style=\"text-align: left\" class=\"vc_custom_heading vc_do_custom_heading\" >Beyaz<\/h1>\n\t<div  class=\"wpb_single_image wpb_content_element vc_align_center wpb_content_element\">\n\t\t\n\t\t<figure class=\"wpb_wrapper vc_figure\">\n\t\t\t<a href=\"https:\/\/polyesterstaplefiber.com\/wp-content\/uploads\/2024\/03\/HCS02.jpg\" target=\"_self\" class=\"vc_single_image-wrapper vc_box_rounded  vc_box_border_grey\"><img decoding=\"async\" class=\"vc_single_image-img\" src=\"https:\/\/polyesterstaplefiber.com\/wp-content\/uploads\/2024\/03\/HCS02-300x300.jpg\" width=\"300\" height=\"300\" alt=\"\" title=\"\" loading=\"lazy\" \/><\/a>\n\t\t<\/figure>\n\t<\/div>\n<\/div><\/div><\/div><\/div><\/div><\/div><\/div><\/div><\/div><\/div><\/div><div class=\"vc_wpb_row_inner\"><div class=\"vc_row wpb_row vc_row-fluid remove_padding_top row-container\"><div class=\"container\"><div class=\"row\"><div class=\"wpb_column vc_column_container vc_col-sm-12\"><div class=\"vc_column-inner\"><div class=\"wpb_wrapper\"><div class=\"vc_row wpb_row vc_inner vc_row-fluid\"><div class=\"wpb_column vc_column_container vc_col-sm-12\"><div class=\"vc_column-inner\"><div class=\"wpb_wrapper\"><div class=\"vc_separator wpb_content_element vc_separator_align_center vc_sep_width_100 vc_sep_border_width_3 vc_sep_pos_align_center vc_separator_no_text vc_sep_color_grey wpb_content_element  wpb_content_element\" ><span class=\"vc_sep_holder vc_sep_holder_l\"><span class=\"vc_sep_line\"><\/span><\/span><span class=\"vc_sep_holder vc_sep_holder_r\"><span class=\"vc_sep_line\"><\/span><\/span>\n<\/div>\r\n<div class=\"widget gsc-heading  align-center style-default text-dark\">\r\n   <div class=\"sub-title\"><span>Polyester Hollow Konjuge Silikonlu Elyaf<\/span><\/div>   <h2 class=\"title\"><span>Hollow Elyaf<\/span><\/h2>   <div class=\"line\"><span><\/span><\/div>\r\n   <div class=\"title-desc\">Gelece\u011fi s\u00fcrd\u00fcr\u00fclebilir hale getirmek i\u00e7in.<\/div><\/div>\r\n<\/div><\/div><\/div><\/div><div class=\"vc_row wpb_row vc_inner vc_row-fluid\"><div class=\"wpb_column vc_column_container vc_col-sm-3\"><div class=\"vc_column-inner\"><div class=\"wpb_wrapper\">\r\n      <div class=\"widget gsc-icon-box text-dark top-center  margin-bottom-1\" >\r\n      \r\n      <div class=\"highlight_content\">\r\n        <div class=\"title\">\r\n                      3 denye                  <\/div>\r\n           \r\n      <\/div>\r\n\r\n          <\/div> \r\n     \r\n\r\n  <\/div><\/div><\/div><div class=\"wpb_column vc_column_container vc_col-sm-3\"><div class=\"vc_column-inner\"><div class=\"wpb_wrapper\">\r\n      <div class=\"widget gsc-icon-box text-dark top-center  margin-bottom-1\" >\r\n      \r\n      <div class=\"highlight_content\">\r\n        <div class=\"title\">\r\n                      6 denye                  <\/div>\r\n           \r\n      <\/div>\r\n\r\n          <\/div> \r\n     \r\n\r\n  <\/div><\/div><\/div><div class=\"wpb_column vc_column_container vc_col-sm-3\"><div class=\"vc_column-inner\"><div class=\"wpb_wrapper\">\r\n      <div class=\"widget gsc-icon-box text-dark top-center  margin-bottom-1\" >\r\n      \r\n      <div class=\"highlight_content\">\r\n        <div class=\"title\">\r\n                      7 denier                  <\/div>\r\n           \r\n      <\/div>\r\n\r\n          <\/div> \r\n     \r\n\r\n  <\/div><\/div><\/div><div class=\"wpb_column vc_column_container vc_col-sm-3\"><div class=\"vc_column-inner\"><div class=\"wpb_wrapper\">\r\n      <div class=\"widget gsc-icon-box text-dark top-center  margin-bottom-1\" >\r\n      \r\n      <div class=\"highlight_content\">\r\n        <div class=\"title\">\r\n                      15 denye                  <\/div>\r\n           \r\n      <\/div>\r\n\r\n          <\/div> \r\n     \r\n\r\n  <\/div><\/div><\/div><\/div><div class=\"vc_row wpb_row vc_inner vc_row-fluid\"><div class=\"wpb_column vc_column_container vc_col-sm-2\"><div class=\"vc_column-inner\"><div class=\"wpb_wrapper\">\r\n      <div class=\"widget gsc-icon-box text-dark top-center  margin-bottom-1\" >\r\n      \r\n      <div class=\"highlight_content\">\r\n        <div class=\"title\">\r\n                      32 mm.                  <\/div>\r\n           \r\n      <\/div>\r\n\r\n          <\/div> \r\n     \r\n\r\n  <\/div><\/div><\/div><div class=\"wpb_column vc_column_container vc_col-sm-2\"><div class=\"vc_column-inner\"><div class=\"wpb_wrapper\">\r\n      <div class=\"widget gsc-icon-box text-dark top-center  margin-bottom-1\" >\r\n      \r\n      <div class=\"highlight_content\">\r\n        <div class=\"title\">\r\n                      38 mm.                  <\/div>\r\n           \r\n      <\/div>\r\n\r\n          <\/div> \r\n     \r\n\r\n  <\/div><\/div><\/div><div class=\"wpb_column vc_column_container vc_col-sm-2\"><div class=\"vc_column-inner\"><div class=\"wpb_wrapper\">\r\n      <div class=\"widget gsc-icon-box text-dark top-center  margin-bottom-1\" >\r\n      \r\n      <div class=\"highlight_content\">\r\n        <div class=\"title\">\r\n                      51 mm.                  <\/div>\r\n           \r\n      <\/div>\r\n\r\n          <\/div> \r\n     \r\n\r\n  <\/div><\/div><\/div><div class=\"wpb_column vc_column_container vc_col-sm-2\"><div class=\"vc_column-inner\"><div class=\"wpb_wrapper\">\r\n      <div class=\"widget gsc-icon-box text-dark top-center  margin-bottom-1\" >\r\n      \r\n      <div class=\"highlight_content\">\r\n        <div class=\"title\">\r\n                      64 mm.                  <\/div>\r\n           \r\n      <\/div>\r\n\r\n          <\/div> \r\n     \r\n\r\n  <\/div><\/div><\/div><div class=\"wpb_column vc_column_container vc_col-sm-2\"><div class=\"vc_column-inner\"><div class=\"wpb_wrapper\">\r\n      <div class=\"widget gsc-icon-box text-dark top-center  margin-bottom-1\" >\r\n      \r\n      <div class=\"highlight_content\">\r\n        <div class=\"title\">\r\n                      76 mm.                  <\/div>\r\n           \r\n      <\/div>\r\n\r\n          <\/div> \r\n     \r\n\r\n  <\/div><\/div><\/div><div class=\"wpb_column vc_column_container vc_col-sm-2\"><div class=\"vc_column-inner\"><div class=\"wpb_wrapper\">\r\n      <div class=\"widget gsc-icon-box text-dark top-center  margin-bottom-1\" >\r\n      \r\n      <div class=\"highlight_content\">\r\n        <div class=\"title\">\r\n                      102 mm.                  <\/div>\r\n           \r\n      <\/div>\r\n\r\n          <\/div> \r\n     \r\n\r\n  <\/div><\/div><\/div><\/div><div class=\"vc_row wpb_row vc_inner vc_row-fluid\"><div class=\"wpb_column vc_column_container vc_col-sm-6\"><div class=\"vc_column-inner\"><div class=\"wpb_wrapper\"><h1 style=\"text-align: left\" class=\"vc_custom_heading vc_do_custom_heading\" >Beyaz<\/h1>\n\t<div  class=\"wpb_single_image wpb_content_element vc_align_center wpb_content_element\">\n\t\t\n\t\t<figure class=\"wpb_wrapper vc_figure\">\n\t\t\t<a href=\"https:\/\/polyesterstaplefiber.com\/wp-content\/uploads\/2024\/03\/HCS01.jpg\" target=\"_self\" class=\"vc_single_image-wrapper vc_box_rounded  vc_box_border_grey\"><img decoding=\"async\" class=\"vc_single_image-img\" src=\"https:\/\/polyesterstaplefiber.com\/wp-content\/uploads\/2024\/03\/HCS01-300x300.jpg\" width=\"300\" height=\"300\" alt=\"\" title=\"\" loading=\"lazy\" \/><\/a>\n\t\t<\/figure>\n\t<\/div>\n<\/div><\/div><\/div><div class=\"wpb_column vc_column_container vc_col-sm-6\"><div class=\"vc_column-inner\"><div class=\"wpb_wrapper\"><h1 style=\"text-align: left\" class=\"vc_custom_heading vc_do_custom_heading\" >Beyaz<\/h1>\n\t<div  class=\"wpb_single_image wpb_content_element vc_align_center wpb_content_element\">\n\t\t\n\t\t<figure class=\"wpb_wrapper vc_figure\">\n\t\t\t<a href=\"https:\/\/polyesterstaplefiber.com\/wp-content\/uploads\/2024\/03\/HCS02.jpg\" target=\"_self\" class=\"vc_single_image-wrapper vc_box_rounded  vc_box_border_grey\"><img decoding=\"async\" class=\"vc_single_image-img\" src=\"https:\/\/polyesterstaplefiber.com\/wp-content\/uploads\/2024\/03\/HCS02-300x300.jpg\" width=\"300\" height=\"300\" alt=\"\" title=\"\" loading=\"lazy\" \/><\/a>\n\t\t<\/figure>\n\t<\/div>\n<\/div><\/div><\/div><\/div><\/div><\/div><\/div><\/div><\/div><\/div><\/div><div class=\"vc_wpb_row_inner\"><div class=\"vc_row wpb_row vc_row-fluid remove_padding row-fullwidth\"><div class=\"wpb_column vc_column_container vc_col-sm-12\"><div class=\"vc_column-inner\"><div class=\"wpb_wrapper\"><\/div><\/div><\/div><\/div><\/div>\n<\/div>","protected":false},"excerpt":{"rendered":"Polyester Hollow Conjugate Silicone Staple Fiber HCS Hollow Conjugate Siliconized Sustainable fibers caring future! 3 denier 6 denier 7 denier 15 denier 32 mm. 38 mm. 51 mm. 64 mm. 76 mm. 102 mm. White White Polyester Hollow Conjugate Staple Fiber HOLLOW Staple Fiber Sustainable fibers caring future! 3 denier 6 denier 7 denier 15 [...]","protected":false},"author":1,"featured_media":0,"parent":0,"menu_order":0,"comment_status":"closed","ping_status":"closed","template":"","meta":{"footnotes":""},"class_list":["post-4085","page","type-page","status-publish","hentry"],"_links":{"self":[{"href":"https:\/\/polyesterstaplefiber.com\/tr\/wp-json\/wp\/v2\/pages\/4085","targetHints":{"allow":["GET"]}}],"collection":[{"href":"https:\/\/polyesterstaplefiber.com\/tr\/wp-json\/wp\/v2\/pages"}],"about":[{"href":"https:\/\/polyesterstaplefiber.com\/tr\/wp-json\/wp\/v2\/types\/page"}],"author":[{"embeddable":true,"href":"https:\/\/polyesterstaplefiber.com\/tr\/wp-json\/wp\/v2\/users\/1"}],"replies":[{"embeddable":true,"href":"https:\/\/polyesterstaplefiber.com\/tr\/wp-json\/wp\/v2\/comments?post=4085"}],"version-history":[{"count":21,"href":"https:\/\/polyesterstaplefiber.com\/tr\/wp-json\/wp\/v2\/pages\/4085\/revisions"}],"predecessor-version":[{"id":4995,"href":"https:\/\/polyesterstaplefiber.com\/tr\/wp-json\/wp\/v2\/pages\/4085\/revisions\/4995"}],"wp:attachment":[{"href":"https:\/\/polyesterstaplefiber.com\/tr\/wp-json\/wp\/v2\/media?parent=4085"}],"curies":[{"name":"wp","href":"https:\/\/api.w.org\/{rel}","templated":true}]}}