{"id":4020,"date":"2023-11-12T13:26:44","date_gmt":"2023-11-12T13:26:44","guid":{"rendered":"https:\/\/polyesterstaplefiber.com\/?page_id=4020"},"modified":"2026-01-06T09:55:35","modified_gmt":"2026-01-06T09:55:35","slug":"recycled-polyester-tow","status":"publish","type":"page","link":"https:\/\/polyesterstaplefiber.com\/tr\/recycled-polyester-tow\/","title":{"rendered":"Geri D\u00f6n\u00fc\u015f\u00fcml\u00fc Polyester TOW"},"content":{"rendered":"<div class=\"wpb-content-wrapper\"><div class=\"vc_wpb_row_inner\"><div class=\"vc_row wpb_row vc_row-fluid padding-medium row-container\"><div class=\"container\"><div class=\"row\"><div class=\"wpb_column vc_column_container vc_col-sm-12\"><div class=\"vc_column-inner\"><div class=\"wpb_wrapper\">\r\n<div class=\"widget gsc-heading  align-center style-default text-dark\">\r\n      <h2 class=\"title\"><span>Geri D\u00f6n\u00fc\u015f\u00fcml\u00fc Polyester TOW<\/span><\/h2>   <div class=\"line\"><span><\/span><\/div>\r\n   <div class=\"title-desc\">Gelece\u011fi s\u00fcrd\u00fcr\u00fclebilir hale getirmek i\u00e7in.<\/div><\/div>\r\n\n\t<div class=\"wpb_text_column wpb_content_element\" >\n\t\t<div class=\"wpb_wrapper\">\n\t\t\t<p style=\"text-align: center;\">Recycled polyester tow is crafted with sustainability in mind, utilizing PET bottle flakes, as well as substandard and prime-quality PET chips where necessary. This process ensures an eco-friendly approach to fiber production, reducing waste while delivering high-performance materials suitable for a variety of applications. Known for its durability, resilience, and color retention, our recycled polyester tow is an ideal choice for industries such as automotive, home textiles, and nonwoven fabrics. At <strong>clover\u00ae | polyesterstaplefiber.com<\/strong>, we are committed to supporting a circular economy by providing top-quality recycled polyester tow that meets rigorous standards for strength, consistency, and environmental responsibility.<\/p>\n\n\t\t<\/div>\n\t<\/div>\n\n\t<div class=\"wpb_text_column wpb_content_element\" >\n\t\t<div class=\"wpb_wrapper\">\n\t\t\t<p style=\"text-align: center;\">Recycled polyester tow is crafted with sustainability in mind, utilizing PET bottle flakes, as well as substandard and prime-quality PET chips where necessary. This process ensures an eco-friendly approach to fiber production, reducing waste while delivering high-performance materials suitable for a variety of applications. Known for its durability, resilience, and color retention, our recycled polyester tow is an ideal choice for industries such as automotive, home textiles, and nonwoven fabrics. At <strong>clover\u00ae | polyesterstaplefiber.com<\/strong>, we are committed to supporting a circular economy by providing top-quality recycled polyester tow that meets rigorous standards for strength, consistency, and environmental responsibility.<\/p>\n\n\t\t<\/div>\n\t<\/div>\n<div class=\"vc_row wpb_row vc_inner vc_row-fluid\"><div class=\"wpb_column vc_column_container vc_col-sm-2\"><div class=\"vc_column-inner\"><div class=\"wpb_wrapper\">\r\n      <div class=\"widget gsc-icon-box text-dark top-center  margin-bottom-1\" >\r\n      \r\n      <div class=\"highlight_content\">\r\n        <div class=\"title\">\r\n                      1.4 Denier                  <\/div>\r\n           \r\n      <\/div>\r\n\r\n          <\/div> \r\n     \r\n\r\n  <\/div><\/div><\/div><div class=\"wpb_column vc_column_container vc_col-sm-2\"><div class=\"vc_column-inner\"><div class=\"wpb_wrapper\">\r\n      <div class=\"widget gsc-icon-box text-dark top-center  margin-bottom-1\" >\r\n      \r\n      <div class=\"highlight_content\">\r\n        <div class=\"title\">\r\n                      3 Denier                  <\/div>\r\n           \r\n      <\/div>\r\n\r\n          <\/div> \r\n     \r\n\r\n  <\/div><\/div><\/div><div class=\"wpb_column vc_column_container vc_col-sm-2\"><div class=\"vc_column-inner\"><div class=\"wpb_wrapper\">\r\n      <div class=\"widget gsc-icon-box text-dark top-center  margin-bottom-1\" >\r\n      \r\n      <div class=\"highlight_content\">\r\n        <div class=\"title\">\r\n                      6 Denier                  <\/div>\r\n           \r\n      <\/div>\r\n\r\n          <\/div> \r\n     \r\n\r\n  <\/div><\/div><\/div><div class=\"wpb_column vc_column_container vc_col-sm-2\"><div class=\"vc_column-inner\"><div class=\"wpb_wrapper\">\r\n      <div class=\"widget gsc-icon-box text-dark top-center  margin-bottom-1\" >\r\n      \r\n      <div class=\"highlight_content\">\r\n        <div class=\"title\">\r\n                      12 Denier                  <\/div>\r\n           \r\n      <\/div>\r\n\r\n          <\/div> \r\n     \r\n\r\n  <\/div><\/div><\/div><div class=\"wpb_column vc_column_container vc_col-sm-2\"><div class=\"vc_column-inner\"><div class=\"wpb_wrapper\">\r\n      <div class=\"widget gsc-icon-box text-dark top-center  margin-bottom-1\" >\r\n      \r\n      <div class=\"highlight_content\">\r\n        <div class=\"title\">\r\n                      15 Denier                  <\/div>\r\n           \r\n      <\/div>\r\n\r\n          <\/div> \r\n     \r\n\r\n  <\/div><\/div><\/div><div class=\"wpb_column vc_column_container vc_col-sm-2\"><div class=\"vc_column-inner\"><div class=\"wpb_wrapper\">\r\n      <div class=\"widget gsc-icon-box text-dark top-center  margin-bottom-1\" >\r\n      \r\n      <div class=\"highlight_content\">\r\n        <div class=\"title\">\r\n                      20 Denier                  <\/div>\r\n           \r\n      <\/div>\r\n\r\n          <\/div> \r\n     \r\n\r\n  <\/div><\/div><\/div><\/div><div class=\"vc_row wpb_row vc_inner vc_row-fluid\"><div class=\"wpb_column vc_column_container vc_col-sm-4\"><div class=\"vc_column-inner\"><div class=\"wpb_wrapper\"><h1 style=\"text-align: left\" class=\"vc_custom_heading vc_do_custom_heading\" >Siyah<\/h1>\n\t<div  class=\"wpb_single_image wpb_content_element vc_align_center wpb_content_element\">\n\t\t\n\t\t<figure class=\"wpb_wrapper vc_figure\">\n\t\t\t<a href=\"https:\/\/polyesterstaplefiber.com\/wp-content\/uploads\/2023\/11\/psf-tow-black-01.png\" target=\"_self\" class=\"vc_single_image-wrapper vc_box_rounded  vc_box_border_grey\"><img decoding=\"async\" class=\"vc_single_image-img\" src=\"https:\/\/polyesterstaplefiber.com\/wp-content\/uploads\/2023\/11\/psf-tow-black-01-300x300.png\" width=\"300\" height=\"300\" alt=\"\" title=\"\" loading=\"lazy\" \/><\/a>\n\t\t<\/figure>\n\t<\/div>\n<h1 style=\"text-align: left\" class=\"vc_custom_heading vc_do_custom_heading\" >Mavi<\/h1>\n\t<div  class=\"wpb_single_image wpb_content_element vc_align_center wpb_content_element\">\n\t\t\n\t\t<figure class=\"wpb_wrapper vc_figure\">\n\t\t\t<a href=\"https:\/\/polyesterstaplefiber.com\/wp-content\/uploads\/2023\/11\/psf-tow-blue-02.png\" target=\"_self\" class=\"vc_single_image-wrapper vc_box_rounded  vc_box_border_grey\"><img decoding=\"async\" class=\"vc_single_image-img\" src=\"https:\/\/polyesterstaplefiber.com\/wp-content\/uploads\/2023\/11\/psf-tow-blue-02-300x300.png\" width=\"300\" height=\"300\" alt=\"\" title=\"\" loading=\"lazy\" \/><\/a>\n\t\t<\/figure>\n\t<\/div>\n<\/div><\/div><\/div><div class=\"wpb_column vc_column_container vc_col-sm-4\"><div class=\"vc_column-inner\"><div class=\"wpb_wrapper\"><h1 style=\"text-align: left\" class=\"vc_custom_heading vc_do_custom_heading\" >Ham Beyaz &amp; Beyaz<\/h1>\n\t<div  class=\"wpb_single_image wpb_content_element vc_align_center wpb_content_element\">\n\t\t\n\t\t<figure class=\"wpb_wrapper vc_figure\">\n\t\t\t<a href=\"https:\/\/polyesterstaplefiber.com\/wp-content\/uploads\/2023\/11\/psf-tow-white-01.png\" target=\"_self\" class=\"vc_single_image-wrapper vc_box_rounded  vc_box_border_grey\"><img decoding=\"async\" class=\"vc_single_image-img\" src=\"https:\/\/polyesterstaplefiber.com\/wp-content\/uploads\/2023\/11\/psf-tow-white-01-300x300.png\" width=\"300\" height=\"300\" alt=\"\" title=\"\" loading=\"lazy\" \/><\/a>\n\t\t<\/figure>\n\t<\/div>\n<h1 style=\"text-align: left\" class=\"vc_custom_heading vc_do_custom_heading\" >Zeytin<\/h1>\n\t<div  class=\"wpb_single_image wpb_content_element vc_align_center wpb_content_element\">\n\t\t\n\t\t<figure class=\"wpb_wrapper vc_figure\">\n\t\t\t<a href=\"https:\/\/polyesterstaplefiber.com\/wp-content\/uploads\/2023\/11\/psf-tow-003.png\" target=\"_self\" class=\"vc_single_image-wrapper vc_box_rounded  vc_box_border_grey\"><img decoding=\"async\" class=\"vc_single_image-img\" src=\"https:\/\/polyesterstaplefiber.com\/wp-content\/uploads\/2023\/11\/psf-tow-003-300x300.png\" width=\"300\" height=\"300\" alt=\"\" title=\"\" loading=\"lazy\" \/><\/a>\n\t\t<\/figure>\n\t<\/div>\n<\/div><\/div><\/div><div class=\"wpb_column vc_column_container vc_col-sm-4\"><div class=\"vc_column-inner\"><div class=\"wpb_wrapper\"><h1 style=\"text-align: left\" class=\"vc_custom_heading vc_do_custom_heading\" >K\u0131rm\u0131z\u0131<\/h1>\n\t<div  class=\"wpb_single_image wpb_content_element vc_align_center wpb_content_element\">\n\t\t\n\t\t<figure class=\"wpb_wrapper vc_figure\">\n\t\t\t<a href=\"https:\/\/polyesterstaplefiber.com\/wp-content\/uploads\/2023\/11\/psf-tow-red-01.png\" target=\"_self\" class=\"vc_single_image-wrapper vc_box_rounded  vc_box_border_grey\"><img decoding=\"async\" class=\"vc_single_image-img\" src=\"https:\/\/polyesterstaplefiber.com\/wp-content\/uploads\/2023\/11\/psf-tow-red-01-300x300.png\" width=\"300\" height=\"300\" alt=\"\" title=\"\" loading=\"lazy\" \/><\/a>\n\t\t<\/figure>\n\t<\/div>\n<h1 style=\"text-align: left\" class=\"vc_custom_heading vc_do_custom_heading\" >Portakal<\/h1>\n\t<div  class=\"wpb_single_image wpb_content_element vc_align_center wpb_content_element\">\n\t\t\n\t\t<figure class=\"wpb_wrapper vc_figure\">\n\t\t\t<a href=\"https:\/\/polyesterstaplefiber.com\/wp-content\/uploads\/2023\/11\/psf-tow-camel-01.png\" target=\"_self\" class=\"vc_single_image-wrapper vc_box_rounded  vc_box_border_grey\"><img decoding=\"async\" class=\"vc_single_image-img\" src=\"https:\/\/polyesterstaplefiber.com\/wp-content\/uploads\/2023\/11\/psf-tow-camel-01-300x300.png\" width=\"300\" height=\"300\" alt=\"\" title=\"\" loading=\"lazy\" \/><\/a>\n\t\t<\/figure>\n\t<\/div>\n<\/div><\/div><\/div><\/div><\/div><\/div><\/div><\/div><\/div><\/div><\/div><div class=\"vc_wpb_row_inner\"><div class=\"vc_row wpb_row vc_row-fluid remove_padding row-fullwidth\"><div class=\"wpb_column vc_column_container vc_col-sm-12\"><div class=\"vc_column-inner\"><div class=\"wpb_wrapper\"><\/div><\/div><\/div><\/div><\/div>\n<\/div>","protected":false},"excerpt":{"rendered":"Recycled Polyester TOW Sustainable fibers caring future! Recycled polyester tow is crafted with sustainability in mind, utilizing PET bottle flakes, as well as substandard and prime-quality PET chips where necessary. This process ensures an eco-friendly approach to fiber production, reducing waste while delivering high-performance materials suitable for a variety of applications. Known for its durability, [...]","protected":false},"author":1,"featured_media":0,"parent":0,"menu_order":0,"comment_status":"closed","ping_status":"closed","template":"","meta":{"footnotes":""},"class_list":["post-4020","page","type-page","status-publish","hentry"],"_links":{"self":[{"href":"https:\/\/polyesterstaplefiber.com\/tr\/wp-json\/wp\/v2\/pages\/4020","targetHints":{"allow":["GET"]}}],"collection":[{"href":"https:\/\/polyesterstaplefiber.com\/tr\/wp-json\/wp\/v2\/pages"}],"about":[{"href":"https:\/\/polyesterstaplefiber.com\/tr\/wp-json\/wp\/v2\/types\/page"}],"author":[{"embeddable":true,"href":"https:\/\/polyesterstaplefiber.com\/tr\/wp-json\/wp\/v2\/users\/1"}],"replies":[{"embeddable":true,"href":"https:\/\/polyesterstaplefiber.com\/tr\/wp-json\/wp\/v2\/comments?post=4020"}],"version-history":[{"count":25,"href":"https:\/\/polyesterstaplefiber.com\/tr\/wp-json\/wp\/v2\/pages\/4020\/revisions"}],"predecessor-version":[{"id":5219,"href":"https:\/\/polyesterstaplefiber.com\/tr\/wp-json\/wp\/v2\/pages\/4020\/revisions\/5219"}],"wp:attachment":[{"href":"https:\/\/polyesterstaplefiber.com\/tr\/wp-json\/wp\/v2\/media?parent=4020"}],"curies":[{"name":"wp","href":"https:\/\/api.w.org\/{rel}","templated":true}]}}